{"id":16873,"date":"2024-02-23T18:48:08","date_gmt":"2024-02-23T16:48:08","guid":{"rendered":"https:\/\/erovito.net\/?post_type=product&#038;p=16873"},"modified":"2025-11-13T17:17:36","modified_gmt":"2025-11-13T15:17:36","slug":"kamagra-polo-100mg","status":"publish","type":"product","link":"https:\/\/erovito.net\/lv\/viagra-sildenafil\/kamagra-polo-100mg\/","title":{"rendered":"Kamagra Polo 100mg Sildenafil"},"content":{"rendered":"<h2 dir=\"ltr\">Kaip veikia Kamagra Polo 100?<\/h2>\n<p dir=\"ltr\">Kamagra Polo 100 yra populiarus vaistas, padedantis kovoti su erekcijos disfunkcija. Jo poveikis pasirei\u0161kia per 30 minu\u010di\u0173 ir trunka iki 6 valand\u0173. Vaistas padeda sustiprinti nat\u016brali\u0105 organizmo reakcij\u0105 \u012f seksualin\u0119 stimuliacij\u0105, ta\u010diau nesukelia automatin\u0117s erekcijos.<\/p>\n<h2 dir=\"ltr\">Dozavimas ir kaip vartoti Kamagra Polo 100?<\/h2>\n<p dir=\"ltr\">Rekomenduojama doz\u0117 yra viena 100 mg kramtoma tablet\u0117, kuri\u0105 reik\u0117t\u0173 suvartoti 30 minu\u010di\u0173 prie\u0161 lytin\u012f akt\u0105. Svarbu nevir\u0161yti rekomenduojamos paros doz\u0117s \u2013 daugiau nei viena tablet\u0117 per 24 valandas gali b\u016bti pavojinga. Jei nesate tikri d\u0117l doz\u0117s, pasitarkite su gydytoju.<\/p>\n<h2 dir=\"ltr\">K\u0105 reikia \u017einoti prie\u0161 vartojant \u0161\u012f vaist\u0105?<\/h2>\n<p dir=\"ltr\">Prie\u0161 prad\u0117dami vartoti Kamagra Polo, pasitarkite su gydytoju, ypa\u010d jei turite \u0161irdies lig\u0173, auk\u0161t\u0105 kraujosp\u016bd\u012f ar kepen\u0173 bei inkst\u0173 sutrikim\u0173. Taip pat svarbu informuoti gydytoj\u0105 apie visus vartojamus vaistus, nes kai kurie i\u0161 j\u0173, \u012fskaitant <a href=\"https:\/\/erovito.net\/viagra-sildenafil\/\">sildenafil\u012f<\/a> ar <a href=\"https:\/\/erovito.net\/priligy-dapoxetine\/\">dapoksetin\u0105<\/a>, gali s\u0105veikauti su \u0161iuo vaistu.<\/p>\n<h3 dir=\"ltr\">\u012esp\u0117jimai ir atsargumo priemon\u0117s<\/h3>\n<p dir=\"ltr\">Jei vartojate nitratus, alfa adrenoblokatorius arba turite alergij\u0105 sildenafiliui, vengti \u0161io vaisto vartojimo yra b\u016btina. Pacientai, turintys \u0161irdies problem\u0173, tur\u0117t\u0173 b\u016bti ypa\u010d atsarg\u016bs, nes vaistas gali padidinti kraujosp\u016bd\u012f, o tai gali sukelti rimt\u0173 komplikacij\u0173, toki\u0173 kaip insultas ar \u0161irdies priepuolis.<\/p>\n<h3 dir=\"ltr\">Kada nedelsiant kreiptis \u012f gydytoj\u0105?<\/h3>\n<p dir=\"ltr\">Jei pasirei\u0161kia bet kuris i\u0161 \u0161i\u0173 simptom\u0173, nedelsdami kreipkit\u0117s \u012f gydytoj\u0105:<\/p>\n<ul dir=\"ltr\">\n<li>Galvos svaigimas arba alpimas.<\/li>\n<li>Kr\u016btin\u0117s skausmas.<\/li>\n<li>Erekcija, trunkanti ilgiau nei 4 valandas.<\/li>\n<li>Reg\u0117jimo sutrikimai.<\/li>\n<li>Dusulys.<\/li>\n<\/ul>\n<h3 dir=\"ltr\">Galimi \u0161alutiniai poveikiai<\/h3>\n<p dir=\"ltr\">Da\u017enesni \u0161alutiniai poveikiai yra \u0161ie:<\/p>\n<ul dir=\"ltr\">\n<li>Galvos skausmas.<\/li>\n<li>Nemiga.<\/li>\n<li>Viduriavimas.<\/li>\n<li>Paraudimas (\u0161ilumos poj\u016btis ant veido ir kaklo).<\/li>\n<li>Dispepsija (nevir\u0161kinimas).<\/li>\n<\/ul>\n<p dir=\"ltr\">\u0160ie poveikiai da\u017eniausiai yra lengvi ir laikini, ta\u010diau jei jie nei\u0161nyksta, kreipkit\u0117s \u012f gydytoj\u0105.<\/p>\n<h2 dir=\"ltr\">Kod\u0117l netur\u0117tum\u0117te vartoti alkoholio su Kamagra Polo?<\/h2>\n<p dir=\"ltr\">Alkoholio vartojimas kartu su Kamagra Polo gali sustiprinti \u0161alutinius poveikius, pvz., galvos svaigim\u0105 ar mieguistum\u0105, ir suma\u017einti vaisto veiksmingum\u0105. Siekiant maksimalaus efekto, geriausia vengti alkoholio.<\/p>\n<h2 dir=\"ltr\">Kod\u0117l reik\u0117t\u0173 vengti greipfrut\u0173 sul\u010di\u0173?<\/h2>\n<p dir=\"ltr\">Greipfrut\u0173 sultys gali sutrikdyti sildenafilio metabolizm\u0105, tod\u0117l padid\u0117ja vaisto kiekis organizme ir kyla didesn\u0117 \u0161alutini\u0173 poveiki\u0173 rizika. Geriausia j\u0173 nevartoti 24 valandas prie\u0161 ir po tablet\u0117s vartojimo.<\/p>\n<h2 dir=\"ltr\">Kaip laikyti Kamagra Polo 100?<\/h2>\n<p dir=\"ltr\">Tabletes laikykite kambario temperat\u016broje, apsaugotas nuo tiesiogini\u0173 saul\u0117s spinduli\u0173 ir dr\u0117gm\u0117s. Saugokite jas nuo vaik\u0173 ir namini\u0173 gyv\u016bn\u0173. Pasibaigus galiojimo laikui, i\u0161meskite tabletes pagal vietines atliek\u0173 tvarkymo taisykles.<\/p>\n<p dir=\"ltr\"><a href=\"https:\/\/vaistai.lt\/sildenafilum.html\">Pla\u010diau apie sildenafil\u012f galite skaityti \u010dia.<\/a><\/p>\n","protected":false},"excerpt":{"rendered":"<p>Kamagra Polo 100 yra kramtom\u0173j\u0173 table\u010di\u0173 pavidalo preparatas, vartojamas vyr\u0173 erekcijos sutrikimo simptomams palengvinti. Jis priklauso vaist\u0173, \u017einom\u0173 kaip 5 tipo fosfodiesteraz\u0117s (PDE5) inhibitoriai, grupei. Jie padidina kraujo tek\u0117jim\u0105 \u012f varp\u0105 ir palengvina erekcij\u0105 susijaudinus. Tai padeda vyrams pasiekti ir i\u0161laikyti stipresn\u0119 ir ilgalaik\u0119 erekcij\u0105, kuri trunka ilgiau.<\/p>\n","protected":false},"featured_media":16874,"comment_status":"closed","ping_status":"closed","template":"","meta":[],"product_brand":[],"product_cat":[32],"product_tag":[],"class_list":{"0":"post-16873","1":"product","2":"type-product","3":"status-publish","4":"has-post-thumbnail","6":"product_cat-viagra-sildenafil","8":"first","9":"instock","10":"taxable","11":"shipping-taxable","12":"purchasable","13":"product-type-simple"},"aioseo_notices":[],"tiered_pricing_type":"fixed","tiered_pricing_fixed_rules":{"2":"15","3":"14","5":"13","10":"12"},"tiered_pricing_percentage_rules":[],"tiered_pricing_minimum":1,"tiered_pricing_roles_data":[],"_links":{"self":[{"href":"https:\/\/erovito.net\/lv\/wp-json\/wp\/v2\/product\/16873","targetHints":{"allow":["GET"]}}],"collection":[{"href":"https:\/\/erovito.net\/lv\/wp-json\/wp\/v2\/product"}],"about":[{"href":"https:\/\/erovito.net\/lv\/wp-json\/wp\/v2\/types\/product"}],"replies":[{"embeddable":true,"href":"https:\/\/erovito.net\/lv\/wp-json\/wp\/v2\/comments?post=16873"}],"version-history":[{"count":3,"href":"https:\/\/erovito.net\/lv\/wp-json\/wp\/v2\/product\/16873\/revisions"}],"predecessor-version":[{"id":17764,"href":"https:\/\/erovito.net\/lv\/wp-json\/wp\/v2\/product\/16873\/revisions\/17764"}],"wp:featuredmedia":[{"embeddable":true,"href":"https:\/\/erovito.net\/lv\/wp-json\/wp\/v2\/media\/16874"}],"wp:attachment":[{"href":"https:\/\/erovito.net\/lv\/wp-json\/wp\/v2\/media?parent=16873"}],"wp:term":[{"taxonomy":"product_brand","embeddable":true,"href":"https:\/\/erovito.net\/lv\/wp-json\/wp\/v2\/product_brand?post=16873"},{"taxonomy":"product_cat","embeddable":true,"href":"https:\/\/erovito.net\/lv\/wp-json\/wp\/v2\/product_cat?post=16873"},{"taxonomy":"product_tag","embeddable":true,"href":"https:\/\/erovito.net\/lv\/wp-json\/wp\/v2\/product_tag?post=16873"}],"curies":[{"name":"wp","href":"https:\/\/api.w.org\/{rel}","templated":true}]}}