{"id":17059,"date":"2024-02-23T20:02:49","date_gmt":"2024-02-23T18:02:49","guid":{"rendered":"https:\/\/erovito.net\/?post_type=product&#038;p=17059"},"modified":"2026-04-01T14:56:45","modified_gmt":"2026-04-01T11:56:45","slug":"vidalista-80mg","status":"publish","type":"product","link":"https:\/\/erovito.net\/et\/cialis-tadalafil\/vidalista-80mg\/","title":{"rendered":"Vidalista 80mg (Tadalafilis)"},"content":{"rendered":"<h2 dir=\"ltr\">Tinkama doz\u0117 ir kaip vartoti Vidalista 80 vaist\u0105?<\/h2>\n<p dir=\"ltr\">Generinio <a href=\"https:\/\/erovito.net\/cialis-tadalafil\/\">Cialis<\/a> 80mg veiklioji med\u017eiaga pradeda veikti per 30\u201345 minutes nuo vartojimo. Jos poveikis gali trukti net 36\u201348 valandas, tod\u0117l \u0161is preparatas tinka tiems, kurie ie\u0161ko ilgalaikio sprendimo. Kad poveikis b\u016bt\u0173 efektyvus, tablet\u0119 reik\u0117t\u0173 i\u0161gerti likus ma\u017edaug 30 minu\u010di\u0173 iki lytinio akto. Svarbu pamin\u0117ti, kad erekcija pasirei\u0161kia tik esant seksualinei stimuliacijai.<\/p>\n<p dir=\"ltr\">Rekomenduojama prad\u0117ti nuo 20mg doz\u0117s. Jeigu pasirei\u0161kia \u0161alutiniai poveikiai, suma\u017einkite doz\u0119 iki 10mg. Ta\u010diau, jei 20mg poveikis yra nepakankamas, doz\u0119 galima padidinti iki 40mg, kuri yra did\u017eiausia leistina doz\u0117. Naudojant 40mg doz\u0119, poveikis gali trukti iki 48 valand\u0173, tod\u0117l \u0161io vaisto negalima vartoti da\u017eniau nei kas 48 valandas. Perdozavimas gali sukelti rimt\u0173 sveikatos problem\u0173.<\/p>\n<p dir=\"ltr\">Nor\u0117dami i\u0161vengti \u0161alutini\u0173 poveiki\u0173, venkite riebaus maisto, alkoholio, nitrat\u0173 ir greipfrut\u0173 ar j\u0173 sul\u010di\u0173 vartojimo kartu su \u0161iomis tablet\u0117mis.<\/p>\n<h2 dir=\"ltr\">K\u0105 reikia \u017einoti prie\u0161 vartojant Vidalista 80mg?<\/h2>\n<p dir=\"ltr\">Pacientams nerekomenduojama vartoti generinio <a href=\"https:\/\/erovito.net\/cialis-tadalafil\/\">Cialis<\/a> 80mg, jei jie vartoja \u0161iuos vaistus:<\/p>\n<p dir=\"ltr\">\u25cf Nitroglicerinas (vartojamas kr\u016btin\u0117s skausmui ma\u017einti).<\/p>\n<p dir=\"ltr\">\u25cf Nitroprusido preparatai (padeda ma\u017einti kraujosp\u016bd\u012f, ple\u010diant kraujagysles).<\/p>\n<p dir=\"ltr\">\u25cf Amilo nitratas, da\u017eniausiai \u017einomas kaip &#8220;poppers&#8221;.<\/p>\n<p dir=\"ltr\">\u25cf Guanilatciklaz\u0117s (GC) stimuliatoriai, skirti plautinei arterinei hipertenzijai gydyti.<\/p>\n<p dir=\"ltr\">\u25cf Alfa adrenoblokatoriai (vartoti kartu su PDE5 inhibitoriais reikia atsargiai).<\/p>\n<p dir=\"ltr\">\u25cf Proteaz\u0117s inhibitoriai, skirti AIDS \/ \u017dIV gydymui.<\/p>\n<p dir=\"ltr\">\u25cf Geriamieji prie\u0161grybeliniai preparatai (vietiniai preparatai yra saug\u016bs).<\/p>\n<p dir=\"ltr\">Be to, \u0161is preparatas kontraindikuotinas, jei pacientas yra patyr\u0119s:<\/p>\n<p dir=\"ltr\">\u25cf \u0160irdies priepuol\u012f, insult\u0105 ar kitas rimtas \u0161irdies problemas.<\/p>\n<p dir=\"ltr\">\u25cf Reg\u0117jimo praradim\u0105 d\u0117l NAION.<\/p>\n<p dir=\"ltr\">\u25cf Sunki\u0173 kepen\u0173 lig\u0173 ar stipr\u0173 kraujosp\u016bd\u017eio svyravim\u0105.<\/p>\n<p dir=\"ltr\">Daugiau informacijos apie <a href=\"https:\/\/vaistai.lt\/tadalafilum.html\">tadalafilio<\/a> veikim\u0105 rasite patikimuose \u0161altiniuose, pvz., <a href=\"https:\/\/vaistai.lt\">vaistai.lt<\/a>.<\/p>\n<h3 dir=\"ltr\">\u012esp\u0117jimai ir atsargumo priemon\u0117s<\/h3>\n<p dir=\"ltr\">Vidalista 80 yra stiprus preparatas, tod\u0117l prie\u0161 vartojim\u0105 b\u016btina pasitarti su gydytoju, jei:<\/p>\n<p dir=\"ltr\">\u25cf Sergate \u0161irdies liga ar vartojate \u0161irdies vaistus.<\/p>\n<p dir=\"ltr\">\u25cf Turite cukrin\u012f diabet\u0105.<\/p>\n<p dir=\"ltr\">\u25cf Esate alergi\u0161kas laktozei ar kitoms cukraus formoms.<\/p>\n<p dir=\"ltr\">\u25cf Ken\u010diate nuo inkst\u0173 nepakankamumo (did\u017eiausia leistina doz\u0117 \u2013 10 mg per dien\u0105).<\/p>\n<p dir=\"ltr\">\u25cf Turite kraujo kre\u0161\u0117jimo sutrikim\u0173, pvz., hemofilij\u0105.<\/p>\n<p dir=\"ltr\">\u25cf Esate diagnozuotas Peyronie liga ar kitais varpos deformacijos atvejais.<\/p>\n<p dir=\"ltr\">Prie\u0161 vartojim\u0105 b\u016btina gydytojui i\u0161samiai aptarti savo sveikatos b\u016bkl\u0119 ir vartojamus vaistus, kad suma\u017eintum\u0117te galim\u0105 neigiam\u0105 poveik\u012f.<\/p>\n<h3 dir=\"ltr\">Kada nedelsiant kreiptis \u012f gydytoj\u0105?<\/h3>\n<p dir=\"ltr\">Kreipkit\u0117s \u012f gydytoj\u0105, jei pastebite:<\/p>\n<p dir=\"ltr\">\u25cf Staig\u0173 regos ar klausos praradim\u0105.<\/p>\n<p dir=\"ltr\">\u25cf Erekcij\u0105, trunkan\u010di\u0105 ilgiau nei 4 valandas.<\/p>\n<p dir=\"ltr\">\u25cf Kraujing\u0105 ar drumst\u0105 \u0161lapim\u0105.<\/p>\n<h2 dir=\"ltr\">Kod\u0117l negalima gerti alkoholio vartojant Vidalista 80?<\/h2>\n<p dir=\"ltr\">Alkoholis kartu su <a href=\"https:\/\/erovito.net\/cialis-tadalafil\/\">tadalafilio<\/a> 80mg tablet\u0117mis gali sukelti stipr\u0173 kraujosp\u016bd\u017eio suma\u017e\u0117jim\u0105, galvos svaigim\u0105 ar net alpim\u0105. Net ir nedidelis alkoholio kiekis gali padidinti nepageidaujam\u0173 \u0161alutini\u0173 poveiki\u0173 rizik\u0105, tod\u0117l \u0161io derinio reik\u0117t\u0173 vengti.<\/p>\n<h2 dir=\"ltr\">Kod\u0117l netur\u0117tum\u0117te vartoti greipfrut\u0173 sul\u010di\u0173 ir Vidalista 80 vienu metu?<\/h2>\n<p dir=\"ltr\">Greipfrut\u0173 sultys gali sutrikdyti tadalafilio metabolizm\u0105 organizme, padidindamos jo koncentracij\u0105 kraujyje ir nepageidaujam\u0173 poveiki\u0173 rizik\u0105. Kad i\u0161vengtum\u0117te \u0161i\u0173 problem\u0173, venkite greipfrut\u0173 produkt\u0173 bent 72 valandas prie\u0161 ir po table\u010di\u0173 vartojimo.<\/p>\n<h2 dir=\"ltr\">Kaip laikyti Vidalista?<\/h2>\n<p dir=\"ltr\">Preparat\u0105 laikykite kambario temperat\u016broje, sausoje vietoje, apsaugotoje nuo dr\u0117gm\u0117s ir tiesiogini\u0173 saul\u0117s spinduli\u0173. U\u017etikrinkite, kad jis b\u016bt\u0173 nepasiekiamas vaikams ir gyv\u016bnams. Nenaudokite produkto, jei jo galiojimo laikas yra pasibaig\u0119s.<\/p>\n","protected":false},"excerpt":{"rendered":"<p>Vidalista sud\u0117tyje yra did\u017eiausias veikliosios med\u017eiagos tadalafilio kiekis, tod\u0117l turite galimyb\u0119 sutaupyti pinig\u0173 paskirstydami vaist\u0105 kelioms dienoms. \u0160is preparatas skirtas pad\u0117ti vyrams pagerinti erekcij\u0105 ir pasiekti geresn\u0119 seksualin\u0119 patirt\u012f. Jis priklauso Cialis generini\u0173 vaist\u0173 grupei, o tai rei\u0161kia, kad tai puiki alternatyva originaliam preparatui, kurio sud\u0117tyje yra ta pati veiklioji med\u017eiaga \u2013 tadalafilis. Veiklioji med\u017eiaga atpalaiduoja lygi\u0173j\u0173 raumen\u0173 l\u0105steles, o tai savo ruo\u017etu padidina kraujo tek\u0117jim\u0105 \u012f varp\u0105 ir galiausiai lemia tvirt\u0105 ir ilgalaik\u0119 erekcij\u0105.<\/p>\n","protected":false},"featured_media":17060,"comment_status":"closed","ping_status":"closed","template":"","meta":[],"product_brand":[],"product_cat":[53],"product_tag":[],"class_list":{"0":"post-17059","1":"product","2":"type-product","3":"status-publish","4":"has-post-thumbnail","6":"product_cat-cialis-tadalafil","8":"first","9":"instock","10":"taxable","11":"shipping-taxable","12":"purchasable","13":"product-type-simple"},"aioseo_notices":[],"tiered_pricing_type":"fixed","tiered_pricing_fixed_rules":{"2":"61.75","3":"58.50","5":"55.25","10":"52.00"},"tiered_pricing_percentage_rules":[],"tiered_pricing_minimum":1,"tiered_pricing_roles_data":[],"_links":{"self":[{"href":"https:\/\/erovito.net\/et\/wp-json\/wp\/v2\/product\/17059","targetHints":{"allow":["GET"]}}],"collection":[{"href":"https:\/\/erovito.net\/et\/wp-json\/wp\/v2\/product"}],"about":[{"href":"https:\/\/erovito.net\/et\/wp-json\/wp\/v2\/types\/product"}],"replies":[{"embeddable":true,"href":"https:\/\/erovito.net\/et\/wp-json\/wp\/v2\/comments?post=17059"}],"version-history":[{"count":4,"href":"https:\/\/erovito.net\/et\/wp-json\/wp\/v2\/product\/17059\/revisions"}],"predecessor-version":[{"id":17735,"href":"https:\/\/erovito.net\/et\/wp-json\/wp\/v2\/product\/17059\/revisions\/17735"}],"wp:featuredmedia":[{"embeddable":true,"href":"https:\/\/erovito.net\/et\/wp-json\/wp\/v2\/media\/17060"}],"wp:attachment":[{"href":"https:\/\/erovito.net\/et\/wp-json\/wp\/v2\/media?parent=17059"}],"wp:term":[{"taxonomy":"product_brand","embeddable":true,"href":"https:\/\/erovito.net\/et\/wp-json\/wp\/v2\/product_brand?post=17059"},{"taxonomy":"product_cat","embeddable":true,"href":"https:\/\/erovito.net\/et\/wp-json\/wp\/v2\/product_cat?post=17059"},{"taxonomy":"product_tag","embeddable":true,"href":"https:\/\/erovito.net\/et\/wp-json\/wp\/v2\/product_tag?post=17059"}],"curies":[{"name":"wp","href":"https:\/\/api.w.org\/{rel}","templated":true}]}}