{"id":17039,"date":"2024-02-23T19:57:37","date_gmt":"2024-02-23T17:57:37","guid":{"rendered":"https:\/\/erovito.net\/?post_type=product&#038;p=17039"},"modified":"2026-02-24T09:36:01","modified_gmt":"2026-02-24T07:36:01","slug":"vidalista-40mg","status":"publish","type":"product","link":"https:\/\/erovito.net\/et\/cialis-tadalafil\/vidalista-40mg\/","title":{"rendered":"Vidalista 40mg (Tadalafilis)"},"content":{"rendered":"<h2 dir=\"ltr\">Dozavimas ir kaip vartoti Vidalista 40 vaist\u0105?<\/h2>\n<p dir=\"ltr\">Rekomenduojama pradin\u0117 Vidalista 40 doz\u0117 yra 20mg. Atsi\u017evelgdami \u012f organizmo reakcij\u0105, galite suma\u017einti doz\u0119 iki 10mg arba padidinti iki 40mg, jei poveikis nepakankamas. Visada pasitarkite su gydytoju, jei nesate tikri, kaip koreguoti doz\u0119. Tablet\u0119 reikia nuryti nekramtant, u\u017egeriant stikline vandens, likus 30\u201345 minut\u0117ms iki planuojamos lytin\u0117s veiklos.<\/p>\n<p dir=\"ltr\">Preparatas pagerina kraujotak\u0105 vyro varpoje, o veiklioji med\u017eiaga <a href=\"https:\/\/erovito.net\/cialis-tadalafil\/\">tadalafilis<\/a> veikia iki 36 valand\u0173. Ta\u010diau atminkite, kad erekcijai b\u016btina seksualin\u0117 stimuliacija. Be to, jei vartojate 40mg doz\u0119, u\u017etikrinkite, kad kita doz\u0117 b\u016bt\u0173 vartojama ne anks\u010diau kaip po 36\u201348 valand\u0173, kad i\u0161vengtum\u0117te perdozavimo. Siekdami geriausi\u0173 rezultat\u0173, venkite alkoholio ir greipfrut\u0173 sul\u010di\u0173 vartojimo kartu su \u0161iuo vaistu.<\/p>\n<h2 dir=\"ltr\">K\u0105 svarbu \u017einoti prie\u0161 vartojant Vidalista 40?<\/h2>\n<p dir=\"ltr\">Yra tam tikr\u0173 situacij\u0173, kai tadalafilio 40mg vartoti negalima. Preparatas draud\u017eiamas \u0161iais atvejais:<\/p>\n<p dir=\"ltr\">\u25cf Jei esate alergi\u0161ki tadalafiliui ar bet kuriai pagalbinei preparato med\u017eiagai.<\/p>\n<p dir=\"ltr\">\u25cf Jei neseniai patyr\u0117te \u0161irdies priepuol\u012f, insult\u0105 ar sergate kitomis \u0161irdies ligomis, pvz., auk\u0161tu arba \u017eemu kraujosp\u016bd\u017eiu.<\/p>\n<p dir=\"ltr\">\u25cf Jei vartojate nitratus ar kitus vaistus kr\u016btin\u0117s anginai gydyti, tokius kaip nitroglicerinas ar l-argininas.<\/p>\n<p dir=\"ltr\">\u25cf Jei turite sunki\u0173 kepen\u0173 ar aki\u0173 problem\u0173, pvz., pigmentin\u012f retinit\u0105.<\/p>\n<p dir=\"ltr\">\u25cf Jei naudojate alfa adrenoblokatorius arba proteaz\u0117s inhibitorius \u017dIV\/AIDS gydymui.<\/p>\n<p dir=\"ltr\">\u25cf Jei vartojate kit\u0105 vaist\u0105 erekcijos disfunkcijai gydyti.<\/p>\n<p dir=\"ltr\"><em>Nor\u0117dami su\u017einoti daugiau apie <a href=\"https:\/\/vaistai.lt\/tadalafilum.html\">tadalafilio<\/a> poveik\u012f ir jo naudojim\u0105, apsilankykite patikimose svetain\u0117se, pvz., <a href=\"https:\/\/vaistai.lt\">vaistai.lt<\/a>.<\/em><\/p>\n<h3 dir=\"ltr\">\u012esp\u0117jimai ir atsargumo priemon\u0117s<\/h3>\n<p dir=\"ltr\">Prie\u0161 prad\u0117dami vartoti Vidalista 40, pasitarkite su gydytoju, ypa\u010d jei turite \u0161ias sveikatos problemas:<\/p>\n<p dir=\"ltr\">\u25cf \u0160irdies ligas ar vartojate vaistus \u0161irdies b\u016bklei kontroliuoti.<\/p>\n<p dir=\"ltr\">\u25cf Laktoz\u0117s ar kit\u0173 cukraus form\u0173 netoleravim\u0105.<\/p>\n<p dir=\"ltr\">\u25cf Pjautuvin\u0119 anemij\u0105, leukemij\u0105 ar daugybin\u0119 mielom\u0105.<\/p>\n<p dir=\"ltr\">\u25cf Inkst\u0173 nepakankamum\u0105 \u2013 tokiu atveju did\u017eiausia rekomenduojama doz\u0117 yra 10mg per par\u0105.<\/p>\n<p dir=\"ltr\">\u25cf Kraujavimo sutrikimus, tokius kaip hemofilija, arba skrand\u017eio opas.<\/p>\n<p dir=\"ltr\">\u25cf Varpos deformacijas, pvz., Peyronie lig\u0105.<\/p>\n<p dir=\"ltr\">D\u0117l \u0161i\u0173 s\u0105lyg\u0173 gydytojas gali pateikti konkre\u010di\u0173 rekomendacij\u0173 d\u0117l vaisto vartojimo saugumo.<\/p>\n<h3 dir=\"ltr\">Kada b\u016btina nedelsiant kreiptis \u012f gydytoj\u0105?<\/h3>\n<p dir=\"ltr\">B\u016bkite d\u0117mesingi savo organizmui ir kreipkit\u0117s \u012f gydytoj\u0105, jei po \u0161io vaisto vartojimo pasirei\u0161kia \u0161ie simptomai:<\/p>\n<p dir=\"ltr\">\u25cf Staigus reg\u0117jimo ar klausos pablog\u0117jimas.<\/p>\n<p dir=\"ltr\">\u25cf Kruvinas ar drumstas \u0161lapimas.<\/p>\n<p dir=\"ltr\">\u25cf Erekcija, trunkanti ilgiau nei 4 valandas, kuri gali b\u016bti skausminga.<\/p>\n<p dir=\"ltr\">Kuo grei\u010diau kreipkit\u0117s pagalbos, kad b\u016bt\u0173 u\u017etikrintas tinkamas gydymas.<\/p>\n<h3 dir=\"ltr\">Galimi lengvi \u0161alutiniai poveikiai<\/h3>\n<p dir=\"ltr\">Kai kuriais atvejais tadalafilio 40mg vartojimas gali sukelti trumpalaikius \u0161alutinius poveikius, tokius kaip:<\/p>\n<p dir=\"ltr\">\u25cf Galvos skausmas ar svaigimas.<\/p>\n<p dir=\"ltr\">\u25cf Vir\u0161kinimo sutrikimai.<\/p>\n<p dir=\"ltr\">\u25cf Veido paraudimas arba laikinas regos sutrikimas.<\/p>\n<p dir=\"ltr\">\u25cf Lengvas nosies u\u017egulimas ar diskomfortas.<\/p>\n<h2 dir=\"ltr\">Kod\u0117l reikia vengti alkoholio vartojant Vidalista 40?<\/h2>\n<p dir=\"ltr\">Alkoholis ir <a href=\"https:\/\/erovito.net\/cialis-tadalafil\/\">tadalafilio<\/a> derinys gali sukelti \u0161alutin\u012f poveik\u012f, pvz., galvos svaigim\u0105, alpim\u0105 ar \u0161irdies ritmo sutrikimus. Tod\u0117l geriausia alkoholio visi\u0161kai vengti vartojant \u0161\u012f vaist\u0105.<\/p>\n<h2 dir=\"ltr\">Kod\u0117l netur\u0117tum\u0117te vartoti greipfrut\u0173 sul\u010di\u0173 su Vidalista 40?<\/h2>\n<p dir=\"ltr\">Greipfrut\u0173 sultys gali padidinti tadalafilio kiek\u012f kraujyje, o tai padidina nepageidaujamo \u0161alutinio poveikio rizik\u0105. Rekomenduojama vengti greipfrut\u0173 sul\u010di\u0173 bent 72 valandas prie\u0161 ir po table\u010di\u0173 vartojimo.<\/p>\n<h2 dir=\"ltr\">Kaip tinkamai laikyti Vidalista?<\/h2>\n<p dir=\"ltr\">Preparat\u0105 laikykite kambario temperat\u016broje, sausoje vietoje, apsaugotoje nuo tiesiogini\u0173 saul\u0117s spinduli\u0173. \u012esitikinkite, kad vaistai b\u016bt\u0173 laikomi vaikams ir gyv\u016bnams nepasiekiamoje vietoje. Pasibaigus galiojimo laikui, preparat\u0105 tinkamai sunaikinkite arba perduokite vaistininkui.<\/p>\n","protected":false},"excerpt":{"rendered":"<p>Vidalista yra patikima pagalba vyrams, turintiems erekcijos sutrikim\u0173. Jame yra tadalafilio, kuris padeda atpalaiduoti lygiuosius raumenis ir padidina kraujotak\u0105, tod\u0117l intymi\u0173 akimirk\u0173 su partneriu metu galite patirti stipresn\u0119 ir ilgesn\u0119 erekcij\u0105. Kadangi \u0161is produktas parduodamas be recepto, j\u012f \u012fsigyti yra lengva ir patogu, d\u0117l ko jis tampa patrauklesnis.<\/p>\n","protected":false},"featured_media":17044,"comment_status":"closed","ping_status":"closed","template":"","meta":[],"product_brand":[],"product_cat":[53],"product_tag":[],"class_list":{"0":"post-17039","1":"product","2":"type-product","3":"status-publish","4":"has-post-thumbnail","6":"product_cat-cialis-tadalafil","8":"first","9":"instock","10":"taxable","11":"shipping-taxable","12":"purchasable","13":"product-type-simple"},"aioseo_notices":[],"tiered_pricing_type":"fixed","tiered_pricing_fixed_rules":{"2":"42.75","3":"40.50","5":"38.25","10":"36.00"},"tiered_pricing_percentage_rules":[],"tiered_pricing_minimum":1,"tiered_pricing_roles_data":[],"_links":{"self":[{"href":"https:\/\/erovito.net\/et\/wp-json\/wp\/v2\/product\/17039","targetHints":{"allow":["GET"]}}],"collection":[{"href":"https:\/\/erovito.net\/et\/wp-json\/wp\/v2\/product"}],"about":[{"href":"https:\/\/erovito.net\/et\/wp-json\/wp\/v2\/types\/product"}],"replies":[{"embeddable":true,"href":"https:\/\/erovito.net\/et\/wp-json\/wp\/v2\/comments?post=17039"}],"version-history":[{"count":3,"href":"https:\/\/erovito.net\/et\/wp-json\/wp\/v2\/product\/17039\/revisions"}],"predecessor-version":[{"id":17738,"href":"https:\/\/erovito.net\/et\/wp-json\/wp\/v2\/product\/17039\/revisions\/17738"}],"wp:featuredmedia":[{"embeddable":true,"href":"https:\/\/erovito.net\/et\/wp-json\/wp\/v2\/media\/17044"}],"wp:attachment":[{"href":"https:\/\/erovito.net\/et\/wp-json\/wp\/v2\/media?parent=17039"}],"wp:term":[{"taxonomy":"product_brand","embeddable":true,"href":"https:\/\/erovito.net\/et\/wp-json\/wp\/v2\/product_brand?post=17039"},{"taxonomy":"product_cat","embeddable":true,"href":"https:\/\/erovito.net\/et\/wp-json\/wp\/v2\/product_cat?post=17039"},{"taxonomy":"product_tag","embeddable":true,"href":"https:\/\/erovito.net\/et\/wp-json\/wp\/v2\/product_tag?post=17039"}],"curies":[{"name":"wp","href":"https:\/\/api.w.org\/{rel}","templated":true}]}}