{"id":17028,"date":"2024-02-23T19:53:31","date_gmt":"2024-02-23T17:53:31","guid":{"rendered":"https:\/\/erovito.net\/?post_type=product&#038;p=17028"},"modified":"2026-02-11T21:27:59","modified_gmt":"2026-02-11T19:27:59","slug":"vidalista-20mg","status":"publish","type":"product","link":"https:\/\/erovito.net\/et\/cialis-tadalafil\/vidalista-20mg\/","title":{"rendered":"Vidalista 20mg Tadalafil"},"content":{"rendered":"<h2 dir=\"ltr\">Kaip tinkamai vartoti Vidalista 20?<\/h2>\n<p dir=\"ltr\">Rekomenduojama pradin\u0117 doz\u0117 yra 10mg. Prireikus ji gali b\u016bti suma\u017einta iki 5mg. Svarbu pa\u017eym\u0117ti, kad paros doz\u0117 netur\u0117t\u0173 vir\u0161yti 20mg \u2013 tai yra did\u017eiausias leistinas kiekis.<\/p>\n<p dir=\"ltr\">Tablet\u0119 i\u0161gerkite likus 30\u201345 minut\u0117ms iki planuojamos lytin\u0117s veiklos. J\u0105 galima vartoti prie\u0161 valg\u012f arba po jo, u\u017esigeriant vandeniu. Vaisto poveikis gali i\u0161likti iki 36 valand\u0173. Ta\u010diau, kad poveikis b\u016bt\u0173 veiksmingas, reikalinga seksualin\u0117 stimuliacija. Be to, venkite alkoholio ir greipfrut\u0173 sul\u010di\u0173, nes jie gali neigiamai paveikti vaisto veiksmingum\u0105 ir sukelti \u0161alutin\u012f poveik\u012f.<\/p>\n<h2 dir=\"ltr\">K\u0105 svarbu \u017einoti prie\u0161 pradedant vartoti Vidalista 20?<\/h2>\n<p dir=\"ltr\">Saugumas yra prioritetas, tod\u0117l prie\u0161 prad\u0117dami vartoti \u0161\u012f vaist\u0105, turite \u012fvertinti galim\u0105 rizik\u0105. Vidalista negalima vartoti, jei esate jautr\u016bs vaisto veikliajai med\u017eiagai, pavyzd\u017eiui, <a href=\"https:\/\/erovito.net\/cialis-tadalafil\/\">tadalafiliui<\/a>.<\/p>\n<p dir=\"ltr\">Prie\u0161 pradedant vartoti, pasitarkite su gydytoju, ypa\u010d jei turite \u0161ias sveikatos problemas arba vartojate \u0161iuos vaistus:<\/p>\n<p dir=\"ltr\">\u25cf \u0160irdies ligas (\u0161irdies priepuolis, insultas, nenormalus kraujosp\u016bdis).<\/p>\n<p dir=\"ltr\">\u25cf Kr\u016btin\u0117s anginos gydymui skirtus preparatus, tokius kaip nitratai.<\/p>\n<p dir=\"ltr\">\u25cf Retas tinklain\u0117s ligas, pvz., pigmentin\u012f retinit\u0105, ar reg\u0117jimo praradim\u0105 d\u0117l NAION.<\/p>\n<p dir=\"ltr\">\u25cf Kepen\u0173 ligas ar alfa blokatorius, skirtus prostatos hiperplazijai gydyti.<\/p>\n<p dir=\"ltr\">\u25cf \u017dIV ar AIDS gydymui naudojamus proteaz\u0117s inhibitorius.<\/p>\n<p dir=\"ltr\"><em>Daugiau apie tadalafilio poveik\u012f galite su\u017einoti patikimose svetain\u0117se, tokiose kaip <a href=\"https:\/\/vaistai.lt\">vaistai.lt<\/a>.<\/em><\/p>\n<h3 dir=\"ltr\">\u012esp\u0117jimai ir svarbios atsargumo priemon\u0117s<\/h3>\n<p dir=\"ltr\">Prie\u0161 vartojant <a href=\"https:\/\/erovito.net\/cialis-tadalafil\/\">tadalafil\u012f<\/a>, b\u016btina pasitarti su gydytoju. Tai ypa\u010d svarbu, jei sergate:<\/p>\n<p dir=\"ltr\">\u25cf \u0160irdies ligomis arba vartojate vaistus nuo \u0161irdies sutrikim\u0173.<\/p>\n<p dir=\"ltr\">\u25cf Diabetu arba netoleruojate laktoz\u0117s.<\/p>\n<p dir=\"ltr\">\u25cf Kraujotakos ligomis, pvz., pjautuvine anemija ar leukemija.<\/p>\n<p dir=\"ltr\">\u25cf Inkst\u0173 ligomis \u2013 tokiu atveju did\u017eiausia paros doz\u0117 turi b\u016bti 10mg.<\/p>\n<p dir=\"ltr\">\u25cf Varpos strukt\u016brin\u0117mis deformacijomis, pvz., Peyronie liga.<\/p>\n<p dir=\"ltr\">\u0160ios atsargumo priemon\u0117s pad\u0117s suma\u017einti \u0161alutini\u0173 poveiki\u0173 rizik\u0105 ir u\u017etikrins, kad vaistas bus saugus j\u016bs\u0173 vartojimui.<\/p>\n<h3 dir=\"ltr\">Kada b\u016btina nedelsiant kreiptis \u012f gydytoj\u0105?<\/h3>\n<p dir=\"ltr\">Jei pasirei\u0161kia \u0161ie simptomai, nedelsdami kreipkit\u0117s \u012f gydytoj\u0105:<\/p>\n<p dir=\"ltr\">\u25cf Staigus reg\u0117jimo ar klausos pablog\u0117jimas.<\/p>\n<p dir=\"ltr\">\u25cf Skausminga erekcija, trunkanti ilgiau nei 4 valandas.<\/p>\n<p dir=\"ltr\">\u25cf Kraujingas ar drumstas \u0161lapimas.<\/p>\n<h3 dir=\"ltr\">Da\u017eniausiai pasitaikantys \u0161alutiniai poveikiai<\/h3>\n<p dir=\"ltr\">Kai kuriais atvejais <a href=\"https:\/\/erovito.net\/cialis-tadalafil\/\">tadalafilis<\/a> gali sukelti lengvus \u0161alutinius poveikius, tokius kaip:<\/p>\n<p dir=\"ltr\">\u25cf Galvos skausmas ar svaigimas.<\/p>\n<p dir=\"ltr\">\u25cf Vir\u0161kinimo problemos.<\/p>\n<p dir=\"ltr\">\u25cf Veido paraudimas arba laikinas regos sutrikimas.<\/p>\n<p dir=\"ltr\">\u25cf Lengvas nosies u\u017egulimas.<\/p>\n<h2 dir=\"ltr\">Kod\u0117l nevartoti alkoholio su Vidalista 20?<\/h2>\n<p dir=\"ltr\">Alkoholis gali sustiprinti nepageidaujamus \u0161alutinius poveikius, tokius kaip galvos svaigimas, alpimas ar \u0161irdies ritmo sutrikimai. D\u0117l to geriausia visi\u0161kai vengti alkoholio vartojant Vidalista.<\/p>\n<h2 dir=\"ltr\">Kod\u0117l reik\u0117t\u0173 vengti greipfrut\u0173 sul\u010di\u0173 vartojimo?<\/h2>\n<p dir=\"ltr\">Greipfrut\u0173 sultys gali paveikti tadalafilio metabolizm\u0105 organizme, d\u0117l ko padid\u0117ja veikliosios med\u017eiagos koncentracija kraujyje ir nepageidaujam\u0173 poveiki\u0173 rizika. Venkite greipfrut\u0173 72 valandas prie\u0161 ir po vaisto vartojimo.<\/p>\n<h2 dir=\"ltr\">Kaip laikyti Vidalista tabletes?<\/h2>\n<p dir=\"ltr\">Laikykite vaist\u0105 kambario temperat\u016broje, apsaugot\u0105 nuo dr\u0117gm\u0117s ir tiesiogini\u0173 saul\u0117s spinduli\u0173. Laikykite vaikams ir gyv\u016bnams nepasiekiamoje vietoje, o pasibaigus galiojimo laikui, tinkamai sunaikinkite.<\/p>\n","protected":false},"excerpt":{"rendered":"<p>Vidalista 20mg yra puikus sprendimas vyrams, ken\u010diantiems nuo erekcijos sutrikim\u0173. D\u0117l savo veikliosios med\u017eiagos tadalafilio jis atpalaiduoja lygi\u0173j\u0173 raumen\u0173 l\u0105steles ir pagerina kraujo tek\u0117jim\u0105 \u012f varp\u0105, tod\u0117l leid\u017eia vartotojams pasiekti tvirt\u0105 ir ilgalaik\u0119 erekcij\u0105. \u0160is stipryb\u0117s vaistas padeda vyrams m\u0117gautis malonia bei intymia patirtimi.<\/p>\n","protected":false},"featured_media":17034,"comment_status":"closed","ping_status":"closed","template":"","meta":[],"product_brand":[],"product_cat":[53],"product_tag":[],"class_list":{"0":"post-17028","1":"product","2":"type-product","3":"status-publish","4":"has-post-thumbnail","6":"product_cat-cialis-tadalafil","8":"first","9":"instock","10":"taxable","11":"shipping-taxable","12":"purchasable","13":"product-type-simple"},"aioseo_notices":[],"tiered_pricing_type":"fixed","tiered_pricing_fixed_rules":{"2":"33.25","3":"31.50","5":"29.75","10":"28.00"},"tiered_pricing_percentage_rules":[],"tiered_pricing_minimum":1,"tiered_pricing_roles_data":[],"_links":{"self":[{"href":"https:\/\/erovito.net\/et\/wp-json\/wp\/v2\/product\/17028","targetHints":{"allow":["GET"]}}],"collection":[{"href":"https:\/\/erovito.net\/et\/wp-json\/wp\/v2\/product"}],"about":[{"href":"https:\/\/erovito.net\/et\/wp-json\/wp\/v2\/types\/product"}],"replies":[{"embeddable":true,"href":"https:\/\/erovito.net\/et\/wp-json\/wp\/v2\/comments?post=17028"}],"version-history":[{"count":5,"href":"https:\/\/erovito.net\/et\/wp-json\/wp\/v2\/product\/17028\/revisions"}],"predecessor-version":[{"id":17727,"href":"https:\/\/erovito.net\/et\/wp-json\/wp\/v2\/product\/17028\/revisions\/17727"}],"wp:featuredmedia":[{"embeddable":true,"href":"https:\/\/erovito.net\/et\/wp-json\/wp\/v2\/media\/17034"}],"wp:attachment":[{"href":"https:\/\/erovito.net\/et\/wp-json\/wp\/v2\/media?parent=17028"}],"wp:term":[{"taxonomy":"product_brand","embeddable":true,"href":"https:\/\/erovito.net\/et\/wp-json\/wp\/v2\/product_brand?post=17028"},{"taxonomy":"product_cat","embeddable":true,"href":"https:\/\/erovito.net\/et\/wp-json\/wp\/v2\/product_cat?post=17028"},{"taxonomy":"product_tag","embeddable":true,"href":"https:\/\/erovito.net\/et\/wp-json\/wp\/v2\/product_tag?post=17028"}],"curies":[{"name":"wp","href":"https:\/\/api.w.org\/{rel}","templated":true}]}}