{"id":17018,"date":"2024-02-23T19:51:10","date_gmt":"2024-02-23T17:51:10","guid":{"rendered":"https:\/\/erovito.net\/?post_type=product&#038;p=17018"},"modified":"2025-10-21T23:51:23","modified_gmt":"2025-10-21T20:51:23","slug":"vilitra-60mg","status":"publish","type":"product","link":"https:\/\/erovito.net\/et\/levitra-vardenafil\/vilitra-60mg\/","title":{"rendered":"Vilitra 60mg Vardenafil"},"content":{"rendered":"<h2 dir=\"ltr\">Vardenafilis 60mg dozavimas ir vartojimas<\/h2>\n<p dir=\"ltr\"><a href=\"https:\/\/erovito.net\/levitra-vardenafil\/\">Vardenafilis<\/a> 60mg yra stipriausios koncentracijos Vilitra produktas, skirtas taupyti, padalijant dozes. Rekomenduojama maksimali paros doz\u0117 yra 20mg, o vien\u0105 60mg tablet\u0119 galite padalyti \u012f tris dienos porcijas. Preparatas veikia efektyviausiai, kai vartojamas 45 minutes prie\u0161 lytin\u012f akt\u0105, u\u017egeriant pilna stikline vandens. Nevir\u0161ykite rekomenduojamos doz\u0117s, nes tai gali padidinti rimt\u0173 \u0161alutini\u0173 poveiki\u0173 rizik\u0105.<\/p>\n<h2 dir=\"ltr\">K\u0105 reikia \u017einoti prie\u0161 vartojant Vilitra 60?<\/h2>\n<p dir=\"ltr\">Prie\u0161 vartojant Vilitra 60mg, labai svarbu pasitarti su gydytoju. Konsultacija pad\u0117s nustatyti, ar \u0161is preparatas yra saugus atsi\u017evelgiant \u012f j\u016bs\u0173 sveikatos b\u016bkl\u0119. Nor\u0117dami su\u017einoti daugiau apie <a href=\"https:\/\/erovito.net\/levitra-vardenafil\/\">vardenafilio<\/a> poveik\u012f ir galim\u0105 \u0161alutini\u0173 reakcij\u0173 rizik\u0105, apsilankykite patikimame \u0161altinyje, pvz., <a href=\"https:\/\/vaistai.lt\/vardenafilum.html\">vaistai.lt<\/a>.<\/p>\n<h3 dir=\"ltr\">\u012esp\u0117jimai ir atsargumo priemon\u0117s<\/h3>\n<p dir=\"ltr\">\u0160is preparatas netinkamas vartoti, jei:<\/p>\n<p dir=\"ltr\">\u25cf Jums pasirei\u0161k\u0117 alergin\u0117 reakcija \u012f <a href=\"https:\/\/erovito.net\/levitra-vardenafil\/\">vardenafil\u012f<\/a> ar bet kurias kitas sudedam\u0105sias dalis.<\/p>\n<p dir=\"ltr\">\u25cf Vartojate nitratus ar kitus vaistus \u0161irdies problemoms gydyti.<\/p>\n<p dir=\"ltr\">\u25cf Turite sunki\u0173 \u0161irdies, kepen\u0173 ar inkst\u0173 veiklos sutrikim\u0173.<\/p>\n<p dir=\"ltr\">\u25cf Neseniai patyr\u0117te \u0161irdies priepuol\u012f ar insult\u0105.<\/p>\n<p dir=\"ltr\">\u25cf J\u016bs\u0173 \u0161eimoje yra buv\u0119 degeneracini\u0173 aki\u0173 lig\u0173 atvej\u0173, pvz., pigmentinio retinito.<\/p>\n<p dir=\"ltr\">\u25cf Vartojate prie\u0161grybelinius vaistus, tokius kaip ketokonazolas ar itrakonazolas.<\/p>\n<p dir=\"ltr\">Prie\u0161 vartojant \u0161\u012f vaist\u0105, svarbu aptarti galim\u0105 s\u0105veik\u0105 su kitais vartojamais medikamentais.<\/p>\n<h3 dir=\"ltr\">Kada nedelsiant kreiptis \u012f gydytoj\u0105<\/h3>\n<p dir=\"ltr\">Nedelsdami kreipkit\u0117s \u012f gydytoj\u0105, jei pasirei\u0161kia \u0161ie simptomai:<\/p>\n<p dir=\"ltr\">\u25cf Ilgiau nei 4 valandas trunkanti erekcija (priapizmas).<\/p>\n<p dir=\"ltr\">\u25cf Staigus kr\u016btin\u0117s skausmas ar nerimas.<\/p>\n<p dir=\"ltr\">\u25cf Sunkus galvos svaigimas arba alpimas.<\/p>\n<p dir=\"ltr\">\u25cf Staigus reg\u0117jimo ar klausos praradimas.<\/p>\n<h3 dir=\"ltr\">Galimi \u0161alutiniai poveikiai<\/h3>\n<p dir=\"ltr\">Kai kurie vartotojai gali patirti \u0161iuos lengvus \u0161alutinius poveikius:<\/p>\n<p dir=\"ltr\">\u25cf Galvos skausmas, svaigimas ar pykinimas.<\/p>\n<p dir=\"ltr\">\u25cf Lumbagas, nugaros skausmas ar gal\u016bni\u0173 patinimas.<\/p>\n<p dir=\"ltr\">\u25cf Nery\u0161kus matymas ar \u012f grip\u0105 pana\u0161\u016bs simptomai.<\/p>\n<p dir=\"ltr\">\u0160ie poveikiai paprastai praeina savaime, ta\u010diau jei jie i\u0161lieka, kreipkit\u0117s \u012f gydytoj\u0105.<\/p>\n<h2 dir=\"ltr\">Kod\u0117l negalima gerti alkoholio vartojant Vardenafilis 60mg?<\/h2>\n<p dir=\"ltr\">Vartojant alkohol\u012f kartu su \u0161iuo vaistu, gali padid\u0117ti \u0161alutini\u0173 poveiki\u0173, toki\u0173 kaip galvos svaigimas ar \u017eemas kraujosp\u016bdis, rizika. Be to, alkoholis ma\u017eina vaisto veiksmingum\u0105.<\/p>\n<h2 dir=\"ltr\">Kod\u0117l reik\u0117t\u0173 vengti vartoti greipfrut\u0173 sul\u010di\u0173 ir Vilitra 60 vienu metu?<\/h2>\n<p dir=\"ltr\">Greipfrut\u0173 sultys gali paveikti <a href=\"https:\/\/erovito.net\/levitra-vardenafil\/\">vardenafilio<\/a> metabolizm\u0105, padidindamos veikliosios med\u017eiagos koncentracij\u0105 kraujyje. Tai gali padidinti \u0161alutini\u0173 poveiki\u0173 tikimyb\u0119, tod\u0117l rekomenduojama vengti greipfrut\u0173 produkt\u0173 72 valandas prie\u0161 ir po vaisto vartojimo.<\/p>\n<h2 dir=\"ltr\">Kaip laikyti Vilitra?<\/h2>\n<p dir=\"ltr\">Preparat\u0105 laikykite kambario temperat\u016broje, sausoje ir nuo dr\u0117gm\u0117s apsaugotoje vietoje. U\u017etikrinkite, kad vaistas b\u016bt\u0173 laikomas vaikams ir gyv\u016bnams nepasiekiamoje vietoje.<\/p>\n","protected":false},"excerpt":{"rendered":"<p>Generin\u0117 Levitra 60mg yra stipri ir veiksminga priemon\u0117 erekcijos sutrikimams gydyti. Joje yra veikliosios med\u017eiagos vardenafilio, kuris gerina varpos kraujotak\u0105 ir taip u\u017etikrina stipresn\u0119 ir ilgalaik\u0119 erekcij\u0105. Svarbu atsiminti, kad \u0161i bendroji Levitra formul\u0117, kurioje yra vardenafilio, n\u0117ra afrodiziakas ir erekcija gali atsirasti tik esant seksualinei stimuliacijai.<\/p>\n","protected":false},"featured_media":17023,"comment_status":"closed","ping_status":"closed","template":"","meta":[],"product_brand":[],"product_cat":[20],"product_tag":[],"class_list":{"0":"post-17018","1":"product","2":"type-product","3":"status-publish","4":"has-post-thumbnail","6":"product_cat-levitra-vardenafil","8":"first","9":"instock","10":"taxable","11":"shipping-taxable","12":"purchasable","13":"product-type-simple"},"aioseo_notices":[],"tiered_pricing_type":"fixed","tiered_pricing_fixed_rules":{"2":"43","3":"41","5":"39","10":"33"},"tiered_pricing_percentage_rules":[],"tiered_pricing_minimum":1,"tiered_pricing_roles_data":[],"_links":{"self":[{"href":"https:\/\/erovito.net\/et\/wp-json\/wp\/v2\/product\/17018","targetHints":{"allow":["GET"]}}],"collection":[{"href":"https:\/\/erovito.net\/et\/wp-json\/wp\/v2\/product"}],"about":[{"href":"https:\/\/erovito.net\/et\/wp-json\/wp\/v2\/types\/product"}],"replies":[{"embeddable":true,"href":"https:\/\/erovito.net\/et\/wp-json\/wp\/v2\/comments?post=17018"}],"version-history":[{"count":4,"href":"https:\/\/erovito.net\/et\/wp-json\/wp\/v2\/product\/17018\/revisions"}],"predecessor-version":[{"id":17745,"href":"https:\/\/erovito.net\/et\/wp-json\/wp\/v2\/product\/17018\/revisions\/17745"}],"wp:featuredmedia":[{"embeddable":true,"href":"https:\/\/erovito.net\/et\/wp-json\/wp\/v2\/media\/17023"}],"wp:attachment":[{"href":"https:\/\/erovito.net\/et\/wp-json\/wp\/v2\/media?parent=17018"}],"wp:term":[{"taxonomy":"product_brand","embeddable":true,"href":"https:\/\/erovito.net\/et\/wp-json\/wp\/v2\/product_brand?post=17018"},{"taxonomy":"product_cat","embeddable":true,"href":"https:\/\/erovito.net\/et\/wp-json\/wp\/v2\/product_cat?post=17018"},{"taxonomy":"product_tag","embeddable":true,"href":"https:\/\/erovito.net\/et\/wp-json\/wp\/v2\/product_tag?post=17018"}],"curies":[{"name":"wp","href":"https:\/\/api.w.org\/{rel}","templated":true}]}}