{"id":16978,"date":"2024-02-23T19:39:06","date_gmt":"2024-02-23T17:39:06","guid":{"rendered":"https:\/\/erovito.net\/?post_type=product&#038;p=16978"},"modified":"2026-02-10T10:49:29","modified_gmt":"2026-02-10T08:49:29","slug":"super-tadarise-80mg","status":"publish","type":"product","link":"https:\/\/erovito.net\/et\/priligy-dapoxetine\/super-tadarise-80mg\/","title":{"rendered":"Super Tadarise 80mg"},"content":{"rendered":"<p dir=\"ltr\">Super Tadarise yra veiksmingas dviej\u0173 galing\u0173 veikli\u0173j\u0173 med\u017eiag\u0173 derinys \u2013<a href=\"https:\/\/erovito.net\/cialis-tadalafil\/\"> tadalafilio<\/a> ir<a href=\"https:\/\/erovito.net\/priligy-dapoxetine\/\">dapoksetino<\/a>.<br \/>\n<a href=\"https:\/\/erovito.net\/cialis-tadalafil\/\">Tadalafilis<\/a> padeda pagerinti kraujo tek\u0117jim\u0105 \u012f varp\u0105, taip u\u017etikrinant tvirt\u0105 ir ilgalaik\u0119 erekcij\u0105, o<a href=\"https:\/\/erovito.net\/priligy-dapoxetine\/\"> dapoksetinas<\/a> yra skirtas ankstyvos ejakuliacijos kontrolei, u\u017etikrinant ilgesn\u012f ir malonesn\u012f intym\u0173 gyvenim\u0105. \u0160is vaistas n\u0117ra afrodiziakas \u2013 jis veikia tik tada, kai yra seksualin\u0117 stimuliacija.<\/p>\n<h2 dir=\"ltr\">Tinkama doz\u0117 ir kaip vartoti Super Tadarise<\/h2>\n<p dir=\"ltr\">Pirm\u0105 kart\u0105 rekomenduojama prad\u0117ti nuo pus\u0117s tablet\u0117s. Jei pasteb\u0117site, kad poveikis n\u0117ra pakankamas ir n\u0117ra \u0161alutini\u0173 poveiki\u0173, doz\u0119 galite padidinti iki vienos tablet\u0117s per dien\u0105.<br \/>\n\u0160io vaisto poveikis gali trukti nuo 24 iki 36 valand\u0173. Kad i\u0161vengtum\u0117te nepageidaujam\u0173 reakcij\u0173, tarp dozi\u0173 b\u016btina palikti 24\u201336 valand\u0173 pertrauk\u0105.<\/p>\n<p dir=\"ltr\">Tabletes rekomenduojama i\u0161gerti 40\u201360 minu\u010di\u0173 prie\u0161 planuojam\u0105 lytin\u012f akt\u0105, kad veikliosios med\u017eiagos \u2013<br \/>\n<a href=\"https:\/\/erovito.net\/cialis-tadalafil\/\">tadalafilis<\/a> ir<br \/>\n<a href=\"https:\/\/erovito.net\/priligy-dapoxetine\/\">dapoksetinas<\/a> \u2013 sp\u0117t\u0173 prad\u0117ti veikti. Norint u\u017etikrinti geriausi\u0105 efekt\u0105, venkite riebaus maisto, alkoholio ir greipfrut\u0173 produkt\u0173 vartojimo kartu su \u0161iuo vaistu.<\/p>\n<h2 dir=\"ltr\">K\u0105 reikia \u017einoti prie\u0161 vartojant Super Tadarise<\/h2>\n<p dir=\"ltr\">Super Tadarise nerekomenduojama naudoti kartu su \u0161iais vaistais:<\/p>\n<ul dir=\"ltr\">\n<li>Nitratiniai preparatai (pvz., nitroglicerinas ir nitroprusidas).<\/li>\n<li>Alfa adrenoblokatoriai, naudojami prostatos problemoms ar kraujosp\u016bd\u017eiui reguliuoti.<\/li>\n<li>\u017dIV gydymui skirti proteaz\u0117s inhibitoriai.<\/li>\n<li>Serotonin\u0105 veikiantys vaistai, tokie kaip MAOI, SSRI, SNRI ir pana\u0161\u016bs.<\/li>\n<li>Vaistai nuo epilepsijos, antipsichoziniai preparatai, anksiolitikai, migdomieji ir raminamieji.<\/li>\n<li>Prie\u0161grybeliniai geriamieji vaistai.<\/li>\n<li>Kiti erekcijos disfunkcijai gydyti skirti vaistai.<\/li>\n<li>Stimuliatoriai, \u012fskaitant &#8220;poppers&#8221; ar rekreacinius vaistus, tokius kaip ketaminas ar LSD.<\/li>\n<li>Tamsulozinas arba kiti pana\u0161\u016bs preparatai.<\/li>\n<\/ul>\n<p dir=\"ltr\">Prie\u0161 prad\u0117dami vartoti \u0161\u012f vaist\u0105, pasitarkite su gydytoju, kad \u012fvertintum\u0117te savo sveikatos b\u016bkl\u0119 ir i\u0161vengtum\u0117te galim\u0173 neigiam\u0173 reakcij\u0173.<br \/>\nNor\u0117dami su\u017einoti daugiau apie dapoksetino poveik\u012f ir naudojim\u0105, apsilankykite patikimuose \u0161altiniuose, pvz.,<br \/>\n<a href=\"https:\/\/vaistai.lt\/dapoxetin.html\">vaistai.lt<\/a>.<\/p>\n<h3 dir=\"ltr\">\u012esp\u0117jimai ir atsargumo priemon\u0117s<\/h3>\n<p dir=\"ltr\">Prie\u0161 vartodami \u0161\u012f preparat\u0105, pasitarkite su gydytoju, jei turite bet kuri\u0105 i\u0161 \u0161i\u0173 sveikatos b\u016bkli\u0173:<\/p>\n<ul dir=\"ltr\">\n<li>\u0160irdies ar kraujagysli\u0173 ligas, \u012fskaitant \u0161irdies priepuol\u012f ar aritmij\u0105.<\/li>\n<li>Auk\u0161t\u0105 arba \u017eem\u0105 kraujosp\u016bd\u012f.<\/li>\n<li>Genetin\u0119 tinklain\u0117s lig\u0105, pvz., pigmentin\u012f retinit\u0105.<\/li>\n<li>Depresij\u0105 ar vartojate vaistus nuo jos.<\/li>\n<li>\u017dIV ar kit\u0173 imunodeficito sutrikim\u0173, gydom\u0173 proteaz\u0117s inhibitoriais.<\/li>\n<li>Anemij\u0105, \u012fskaitant pjautuvin\u0119 ar spirakulin\u0119 anemij\u0105.<\/li>\n<\/ul>\n<h3 dir=\"ltr\">Kada nedelsiant kreiptis \u012f gydytoj\u0105<\/h3>\n<p dir=\"ltr\">Jei vartojant \u0161\u012f vaist\u0105 patiriate \u0161iuos simptomus, nedelsdami kreipkit\u0117s \u012f gydytoj\u0105:<\/p>\n<ul dir=\"ltr\">\n<li>Kr\u016btin\u0117s skausmas ar galvos svaigimas.<\/li>\n<li>Erekcija, trunkanti ilgiau nei 4 valandas.<\/li>\n<li>Pykinimas ar staigus klausos ar reg\u0117jimo praradimas.<\/li>\n<\/ul>\n<h3 dir=\"ltr\">Galimi \u0161alutiniai poveikiai<\/h3>\n<p dir=\"ltr\">Super Tadarise vartojimas gali sukelti lengvus \u0161alutinius poveikius, tokius kaip:<\/p>\n<ul dir=\"ltr\">\n<li>Galvos skausmas ir veido paraudimas.<\/li>\n<li>Lengvas pykinimas ir sausos akys.<\/li>\n<li>Raumen\u0173 skausmas, nugaros skausmas ar rank\u0173 bei koj\u0173 skausmas.<\/li>\n<\/ul>\n<p dir=\"ltr\">Padidinus vandens suvartojim\u0105, \u0161ie simptomai paprastai suma\u017e\u0117ja. Re\u010diau pasitaikantys \u0161alutiniai poveikiai gali b\u016bti:<\/p>\n<ul dir=\"ltr\">\n<li>Jautrumas \u0161viesai ar nery\u0161kus matymas.<\/li>\n<li>Spengimas ausyse arba melsvas atspalvis reg\u0117jime.<\/li>\n<\/ul>\n<h2 dir=\"ltr\">Kod\u0117l negalima vartoti alkoholio su Super Tadarise?<\/h2>\n<p dir=\"ltr\">Alkoholis gali suma\u017einti vaisto efektyvum\u0105 ir padidinti neigiamo poveikio tikimyb\u0119, pvz., kraujosp\u016bd\u017eio suma\u017e\u0117jim\u0105 ar kar\u0161\u010dio pylim\u0105. Norint u\u017etikrinti maksimal\u0173 vaisto veiksmingum\u0105, rekomenduojama vengti alkoholio.<\/p>\n<h2 dir=\"ltr\">Kod\u0117l reik\u0117t\u0173 vengti greipfrut\u0173 sul\u010di\u0173?<\/h2>\n<p dir=\"ltr\">Greipfrutai gali paveikti vaisto veikimo mechanizm\u0105 ir padidinti \u0161alutini\u0173 poveiki\u0173 tikimyb\u0119. Geriausia vengti greipfrut\u0173 sul\u010di\u0173 72 valandas prie\u0161 ir po vaisto vartojimo.<\/p>\n<h2 dir=\"ltr\">Kaip laikyti Super Tadarise?<\/h2>\n<p dir=\"ltr\">Laikykite \u0161\u012f produkt\u0105 originalioje pakuot\u0117je, apsaugotoje nuo dr\u0117gm\u0117s ir tiesiogini\u0173 saul\u0117s spinduli\u0173. U\u017etikrinkite, kad vaistas b\u016bt\u0173 laikomas vaikams ir gyv\u016bnams nepasiekiamoje vietoje.<\/p>\n","protected":false},"excerpt":{"rendered":"<p>Super Tadarise yra populiari ir s\u0117kminga priemon\u0117 nuo erekcijos disfunkcijos. Jo veikliosios med\u017eiagos yra tadalafilis, priklausantis PDE-5 vazodilatatori\u0173 grupei. Jie i\u0161ple\u010dia j\u016bs\u0173 k\u016bno kraujagysles, \u012fskaitant lytini\u0173 organ\u0173 srit\u012f, o tai pagerina kraujotak\u0105 lytini\u0173 santyki\u0173 metu ir padeda sustiprinti bei palaikyti erekcij\u0105. Antroji veiklioji med\u017eiaga, dapoksetinas visame pasaulyje patvirtintas kaip priemon\u0117 skirta gydyti ankstyv\u0105 ejakuliacij\u0105. \u0160is dviej\u0173 veikli\u0173j\u0173 med\u017eiag\u0173 derinys pad\u0117s ilgiau m\u0117gautis seksu!<\/p>\n","protected":false},"featured_media":17659,"comment_status":"closed","ping_status":"closed","template":"","meta":[],"product_brand":[],"product_cat":[28],"product_tag":[],"class_list":{"0":"post-16978","1":"product","2":"type-product","3":"status-publish","4":"has-post-thumbnail","6":"product_cat-priligy-dapoxetine","8":"first","9":"outofstock","10":"taxable","11":"shipping-taxable","12":"purchasable","13":"product-type-simple"},"aioseo_notices":[],"tiered_pricing_type":"fixed","tiered_pricing_fixed_rules":{"2":"47.50","3":"45.00","5":"42.50","10":"40.00"},"tiered_pricing_percentage_rules":[],"tiered_pricing_minimum":1,"tiered_pricing_roles_data":[],"_links":{"self":[{"href":"https:\/\/erovito.net\/et\/wp-json\/wp\/v2\/product\/16978","targetHints":{"allow":["GET"]}}],"collection":[{"href":"https:\/\/erovito.net\/et\/wp-json\/wp\/v2\/product"}],"about":[{"href":"https:\/\/erovito.net\/et\/wp-json\/wp\/v2\/types\/product"}],"replies":[{"embeddable":true,"href":"https:\/\/erovito.net\/et\/wp-json\/wp\/v2\/comments?post=16978"}],"version-history":[{"count":3,"href":"https:\/\/erovito.net\/et\/wp-json\/wp\/v2\/product\/16978\/revisions"}],"predecessor-version":[{"id":17747,"href":"https:\/\/erovito.net\/et\/wp-json\/wp\/v2\/product\/16978\/revisions\/17747"}],"wp:featuredmedia":[{"embeddable":true,"href":"https:\/\/erovito.net\/et\/wp-json\/wp\/v2\/media\/17659"}],"wp:attachment":[{"href":"https:\/\/erovito.net\/et\/wp-json\/wp\/v2\/media?parent=16978"}],"wp:term":[{"taxonomy":"product_brand","embeddable":true,"href":"https:\/\/erovito.net\/et\/wp-json\/wp\/v2\/product_brand?post=16978"},{"taxonomy":"product_cat","embeddable":true,"href":"https:\/\/erovito.net\/et\/wp-json\/wp\/v2\/product_cat?post=16978"},{"taxonomy":"product_tag","embeddable":true,"href":"https:\/\/erovito.net\/et\/wp-json\/wp\/v2\/product_tag?post=16978"}],"curies":[{"name":"wp","href":"https:\/\/api.w.org\/{rel}","templated":true}]}}