{"id":16857,"date":"2024-02-23T18:38:15","date_gmt":"2024-02-23T16:38:15","guid":{"rendered":"https:\/\/erovito.net\/?post_type=product&#038;p=16857"},"modified":"2026-03-09T11:09:16","modified_gmt":"2026-03-09T09:09:16","slug":"kamagra-effervescent-100mg","status":"publish","type":"product","link":"https:\/\/erovito.net\/et\/viagra-sildenafil\/kamagra-effervescent-100mg\/","title":{"rendered":"Kamagra Effervescent 100mg Sildenafil"},"content":{"rendered":"<h2 dir=\"ltr\">Tinkamos doz\u0117s ir vartojimas<\/h2>\n<p dir=\"ltr\">\u0160i forma yra puiki alternatyva vyrams, ie\u0161kantiems greitesnio poveikio nei \u012fprastos sildenafilio tablet\u0117s. Tiesiog i\u0161tirpinkite tablet\u0119 stiklin\u0117je vandens ir gausite skan\u0173 vaisi\u0173 skonio g\u0117rim\u0105.<\/p>\n<p dir=\"ltr\">Rekomenduojama vartoti vien\u0105 tablet\u0119 likus ma\u017edaug 10 minu\u010di\u0173 iki lytinio akto. Nevartokite daugiau nei vienos tablet\u0117s per par\u0105, o jos poveikis gali trukti iki 6 valand\u0173. Jei jus domina daugiau apie \u0161io produkto veikli\u0105j\u0105 med\u017eiag\u0105, apsilankykite <a href=\"https:\/\/erovito.net\/viagra-sildenafil\/\">\u010dia<\/a>.<\/p>\n<h2 dir=\"ltr\">Ar galima vartoti kasdien?<\/h2>\n<p dir=\"ltr\">Kasdien vartoti galima, bet tik tada, kai tikrai reikia. Tarp dozi\u0173 b\u016btina padaryti bent 24 valand\u0173 pertrauk\u0105, kad i\u0161vengtum\u0117te perdozavimo.<\/p>\n<h2 dir=\"ltr\">Svarbu \u017einoti prie\u0161 vartojant Kamagra Effervescent<\/h2>\n<p dir=\"ltr\">Prie\u0161 prad\u0117dami vartoti \u0161\u012f preparat\u0105, b\u016btinai pasitarkite su gydytoju, ypa\u010d jei turite \u0161ias sveikatos problemas:<\/p>\n<p dir=\"ltr\">\u25cf \u0160irdies ligos<\/p>\n<p dir=\"ltr\">\u25cf Inkst\u0173 ar kepen\u0173 sutrikimai<\/p>\n<p dir=\"ltr\">\u25cf Diabetas<\/p>\n<p dir=\"ltr\">\u25cf Hipertenzija ar hipotenzija<\/p>\n<p dir=\"ltr\">\u25cf Auk\u0161tas cholesterolio kiekis.<\/p>\n<p dir=\"ltr\">Taip pat reik\u0117t\u0173 vengti \u0161io produkto, jei jau vartojate nitrat\u0173 ar kit\u0173 vaist\u0173, skirt\u0173 \u0161irdies ligoms gydyti, arba kit\u0173 erekcijos disfunkcijos preparat\u0173, toki\u0173 kaip dapoksetinas. Daugiau apie dapoksetin\u0105 galite rasti <a href=\"https:\/\/erovito.net\/priligy-dapoxetine\/\">\u010dia<\/a>.<\/p>\n<h3 dir=\"ltr\">Atsargumo priemon\u0117s<\/h3>\n<p dir=\"ltr\">Prie\u0161 vartojant \u0161\u012f preparat\u0105, pasakykite gydytojui apie visus kitus vartojamus vaistus. Taip pat \u0161is produktas n\u0117ra tinkamas jaunesniems nei 18 met\u0173 asmenims.<\/p>\n<h3 dir=\"ltr\">Kada kreiptis \u012f gydytoj\u0105?<\/h3>\n<p dir=\"ltr\">Nedelsdami kreipkit\u0117s \u012f gydytoj\u0105, jei jau\u010diate:<\/p>\n<p dir=\"ltr\">\u25cf Kr\u016btin\u0117s skausm\u0105<\/p>\n<p dir=\"ltr\">\u25cf Erekcij\u0105, trunkan\u010di\u0105 ilgiau nei 4 valandas<\/p>\n<p dir=\"ltr\">\u25cf Staig\u0173 reg\u0117jimo ar klausos praradim\u0105.<\/p>\n<p dir=\"ltr\">Toki\u0173 reakcij\u0173 atveju svarbu nedelsiant kreiptis \u012f specialist\u0105. Daugiau apie vaistus su sildenafiliu skaitykite <a href=\"https:\/\/vaistai.lt\/sildenafilum.html\" target=\"_blank\" rel=\"noopener\">\u010dia<\/a>.<\/p>\n<h3 dir=\"ltr\">\u0160alutiniai poveikiai<\/h3>\n<p dir=\"ltr\">Da\u017eniausi \u0161alutiniai poveikiai yra:<\/p>\n<p dir=\"ltr\">\u25cf Galvos skausmas<\/p>\n<p dir=\"ltr\">\u25cf Veido paraudimas<\/p>\n<p dir=\"ltr\">\u25cf Nosies u\u017egulimas<\/p>\n<p dir=\"ltr\">\u25cf Vir\u0161kinimo sutrikimai.<\/p>\n<p dir=\"ltr\">Retesniais atvejais gali pasireik\u0161ti rimtesn\u0117s reakcijos, pvz., \u0161irdies ritmo sutrikimai ar kv\u0117pavimo sunkumai. Tokiu atveju b\u016btina kreiptis \u012f gydytoj\u0105.<\/p>\n<h2 dir=\"ltr\">Kod\u0117l reik\u0117t\u0173 vengti alkoholio?<\/h2>\n<p dir=\"ltr\">Alkoholis gali sustiprinti \u0161alutin\u012f poveik\u012f, pvz., galvos svaigim\u0105 ar suma\u017e\u0117jus\u012f kraujosp\u016bd\u012f. Siekiant i\u0161vengti toki\u0173 situacij\u0173, alkoholio reik\u0117t\u0173 atsisakyti.<\/p>\n<h2 dir=\"ltr\">Kod\u0117l netur\u0117tum\u0117te vartoti greipfrut\u0173 sul\u010di\u0173?<\/h2>\n<p dir=\"ltr\">Greipfrut\u0173 sultys gali padidinti sildenafilio koncentracij\u0105 kraujyje, tod\u0117l did\u0117ja \u0161alutinio poveikio tikimyb\u0117, pvz., galvos skausmas ar svaigimas.<\/p>\n<h2 dir=\"ltr\">Kaip laikyti Kamagra?<\/h2>\n<p dir=\"ltr\">Laikykite tabletes sausoje vietoje, kambario temperat\u016broje, toliau nuo vaik\u0173 ir gyv\u016bn\u0173. Pasibaigus galiojimo laikui, tabletes i\u0161meskite pagal vietines taisykles.<\/p>\n","protected":false},"excerpt":{"rendered":"<p>Tai yra 5 tipo fosfodiesteraz\u0117s inhibitorius, kuris padidina kraujo tek\u0117jim\u0105 \u012f varp\u0105 ir padeda vyrams, turintiems erekcijos sutrikim\u0173, pasiekti ir i\u0161laikyti erekcij\u0105. Sud\u0117tyje yra veiklioji med\u017eiaga sildenafilio citratas, kuris padidina azoto oksido kiek\u012f organizme ir padeda pasiekti ilgesn\u0119 erekcij\u0105, kai yra seksualin\u0117 stimuliacija. Tablet\u0119 paprasta i\u0161gerti, o jos poveikis jau\u010diamas per 10 minu\u010di\u0173 ir trunka iki 4-6 valand\u0173.<\/p>\n","protected":false},"featured_media":16858,"comment_status":"closed","ping_status":"closed","template":"","meta":[],"product_brand":[],"product_cat":[32],"product_tag":[],"class_list":{"0":"post-16857","1":"product","2":"type-product","3":"status-publish","4":"has-post-thumbnail","6":"product_cat-viagra-sildenafil","8":"first","9":"instock","10":"taxable","11":"shipping-taxable","12":"purchasable","13":"product-type-simple"},"aioseo_notices":[],"tiered_pricing_type":"fixed","tiered_pricing_fixed_rules":{"2":"25","3":"24","5":"23","10":"20"},"tiered_pricing_percentage_rules":[],"tiered_pricing_minimum":1,"tiered_pricing_roles_data":[],"_links":{"self":[{"href":"https:\/\/erovito.net\/et\/wp-json\/wp\/v2\/product\/16857","targetHints":{"allow":["GET"]}}],"collection":[{"href":"https:\/\/erovito.net\/et\/wp-json\/wp\/v2\/product"}],"about":[{"href":"https:\/\/erovito.net\/et\/wp-json\/wp\/v2\/types\/product"}],"replies":[{"embeddable":true,"href":"https:\/\/erovito.net\/et\/wp-json\/wp\/v2\/comments?post=16857"}],"version-history":[{"count":3,"href":"https:\/\/erovito.net\/et\/wp-json\/wp\/v2\/product\/16857\/revisions"}],"predecessor-version":[{"id":17767,"href":"https:\/\/erovito.net\/et\/wp-json\/wp\/v2\/product\/16857\/revisions\/17767"}],"wp:featuredmedia":[{"embeddable":true,"href":"https:\/\/erovito.net\/et\/wp-json\/wp\/v2\/media\/16858"}],"wp:attachment":[{"href":"https:\/\/erovito.net\/et\/wp-json\/wp\/v2\/media?parent=16857"}],"wp:term":[{"taxonomy":"product_brand","embeddable":true,"href":"https:\/\/erovito.net\/et\/wp-json\/wp\/v2\/product_brand?post=16857"},{"taxonomy":"product_cat","embeddable":true,"href":"https:\/\/erovito.net\/et\/wp-json\/wp\/v2\/product_cat?post=16857"},{"taxonomy":"product_tag","embeddable":true,"href":"https:\/\/erovito.net\/et\/wp-json\/wp\/v2\/product_tag?post=16857"}],"curies":[{"name":"wp","href":"https:\/\/api.w.org\/{rel}","templated":true}]}}