{"id":16763,"date":"2024-02-23T17:33:11","date_gmt":"2024-02-23T15:33:11","guid":{"rendered":"https:\/\/erovito.net\/?post_type=product&#038;p=16763"},"modified":"2026-02-19T13:00:40","modified_gmt":"2026-02-19T11:00:40","slug":"cenforce-soft-100mg","status":"publish","type":"product","link":"https:\/\/erovito.net\/et\/viagra-sildenafil\/cenforce-soft-100mg\/","title":{"rendered":"Cenforce Soft 100mg Sildenafil"},"content":{"rendered":"<p dir=\"ltr\">Sildenafilis padeda pagerinti kraujotak\u0105 varpos srityje, atpalaiduodamas mink\u0161tuosius raumenis. Tai padeda vyrams pasiekti ir i\u0161laikyti erekcij\u0105, kai yra seksualin\u0117 stimuliacija.<\/p>\n<h2 dir=\"ltr\">Tinkamos doz\u0117s ir kaip vartoti Cenforce Soft 100 stiprumo vaist\u0105?<\/h2>\n<p dir=\"ltr\">Rekomenduojama pradin\u0117 doz\u0117 yra 50 mg. Jei tokia doz\u0117 yra per stipri, kit\u0105 kart\u0105 galite vartoti 25 mg. Jei poveikio nepakanka, i\u0161gerkite 100 mg, ta\u010diau nevir\u0161ykite \u0161ios doz\u0117s per par\u0105. Tablet\u0117s kramtoma forma leid\u017eia joms prad\u0117ti veikti grei\u010diau, tod\u0117l i\u0161gerkite vaist\u0105 likus 20\u201330 minu\u010di\u0173 iki planuojamo lytinio akto. Venkite vartoti alkohol\u012f, nes tai gali suma\u017einti vaisto veiksmingum\u0105.<\/p>\n<h2 dir=\"ltr\">Ar galiu vartoti Cenforce Soft 100 tabletes kasdien?<\/h2>\n<p dir=\"ltr\">Taip, galite vartoti kasdien, bet tik po vien\u0105 tablet\u0119 (iki 100 mg). Didesn\u0117 doz\u0117 gali sukelti \u0161alutin\u012f poveik\u012f ar perdozavimo simptomus.<\/p>\n<h2 dir=\"ltr\">K\u0105 reikia \u017einoti prie\u0161 vartojant Cenforce Soft 100?<\/h2>\n<p dir=\"ltr\">Prie\u0161 prad\u0117dami vartoti \u0161\u012f vaist\u0105, pasitarkite su gydytoju. Informuokite j\u012f apie savo sveikatos b\u016bkl\u0119, ypa\u010d jei turite:<\/p>\n<p dir=\"ltr\">\u25cf \u0160irdies ir kraujagysli\u0173 ligas<\/p>\n<p dir=\"ltr\">\u25cf Diabet\u0105 arba kraujosp\u016bd\u017eio sutrikim\u0173<\/p>\n<p dir=\"ltr\">\u25cf Inkst\u0173 ar kepen\u0173 funkcijos sutrikim\u0173<\/p>\n<p dir=\"ltr\">\u25cf Aki\u0173 ar kraujo ligas.<\/p>\n<p dir=\"ltr\">Daugiau sildenafilio produkt\u0173 galite rasti <a href=\"https:\/\/erovito.net\/viagra-sildenafil\/\">\u010dia<\/a>.<\/p>\n<h3 dir=\"ltr\">\u012esp\u0117jimai ir atsargumo priemon\u0117s<\/h3>\n<p dir=\"ltr\">\u0160tai keli svarb\u016bs dalykai, kuriuos reik\u0117t\u0173 \u017einoti prie\u0161 vartojant:<\/p>\n<p dir=\"ltr\">\u25cf Nevir\u0161ykite rekomenduojamos doz\u0117s<\/p>\n<p dir=\"ltr\">\u25cf Jei turite inkst\u0173 ar kepen\u0173 problem\u0173, pasitarkite su gydytoju<\/p>\n<p dir=\"ltr\">\u25cf B\u016bkite atsarg\u016bs vairuodami ar valdydami mechanizmus po vaisto vartojimo.<\/p>\n<h3 dir=\"ltr\">Kada nedelsiant kreiptis \u012f gydytoj\u0105?<\/h3>\n<p dir=\"ltr\">Skubiai kreipkit\u0117s \u012f gydytoj\u0105, jei:<\/p>\n<p dir=\"ltr\">\u25cf Jau\u010diate staig\u0173 reg\u0117jimo ar klausos pablog\u0117jim\u0105<\/p>\n<p dir=\"ltr\">\u25cf \u0160lapime pasteb\u0117jote kraujo<\/p>\n<p dir=\"ltr\">\u25cf Erekcija trunka ilgiau nei 4 valandas ir yra skausminga.<\/p>\n<h3 dir=\"ltr\">Galimi \u0161alutiniai poveikiai<\/h3>\n<p dir=\"ltr\">Galimi \u0161alutiniai poveikiai yra:<\/p>\n<p dir=\"ltr\">\u25cf Galvos skausmas<\/p>\n<p dir=\"ltr\">\u25cf Sloga<\/p>\n<p dir=\"ltr\">\u25cf Vir\u0161kinimo sutrikimai<\/p>\n<p dir=\"ltr\">\u25cf Galvos svaigimas<\/p>\n<p dir=\"ltr\">\u25cf Burnos d\u017ei\u016bvimas<\/p>\n<p dir=\"ltr\">\u25cf Nery\u0161kus matymas arba klausos praradimas.<\/p>\n<p dir=\"ltr\">Daugiau informacijos apie \u0161io produkto poveik\u012f galite rasti <a href=\"https:\/\/vaistai.lt\/sildenafilum.html\" target=\"_blank\" rel=\"noopener\">\u010dia<\/a>.<\/p>\n<h2 dir=\"ltr\">Kod\u0117l negalima gerti alkoholio su Cenforce Soft tablet\u0117mis?<\/h2>\n<p dir=\"ltr\">Alkoholis suma\u017eina vaisto veiksmingum\u0105 ir gali sukelti galvos svaigim\u0105 ar nuovarg\u012f. Rekomenduojama vengti alkoholio vartojimo vartojant \u0161\u012f vaist\u0105.<\/p>\n<h2 dir=\"ltr\">Kod\u0117l netur\u0117tum\u0117te vartoti greipfrut\u0173 sul\u010di\u0173 su \u0161iuo vaistu?<\/h2>\n<p dir=\"ltr\">Greipfrut\u0173 sultys gali padidinti sildenafilio koncentracij\u0105 kraujyje, sukeldamos \u0161alutinius poveikius, pvz., galvos skausm\u0105 ar galvos svaigim\u0105. Geriausia j\u0173 vengti likus 24 valandoms iki vaisto vartojimo.<\/p>\n<h2 dir=\"ltr\">Kaip laikyti Cenforce vaist\u0105?<\/h2>\n<p dir=\"ltr\">Preparat\u0105 laikykite kambario temperat\u016broje, sausoje vietoje, apsaugotoje nuo saul\u0117s spinduli\u0173. Saugokite nuo vaik\u0173 ir gyv\u016bn\u0173. Jei vaistas pasibaig\u0117, gr\u0105\u017einkite j\u012f vaistininkui saugiam sunaikinimui.<\/p>\n","protected":false},"excerpt":{"rendered":"<p>Cenforce Soft 100 (Sildenafilis) yra kramtomas preparatas, padedantis laikinai i\u0161spr\u0119sti vyr\u0173 erekcijos sutrikimus lytini\u0173 santyki\u0173 metu. Jo pagrindin\u0117 veiklioji med\u017eiaga yra sildenafilis, priklausantis PDE5 inhibitori\u0173 grupei.<\/p>\n","protected":false},"featured_media":16769,"comment_status":"closed","ping_status":"closed","template":"","meta":[],"product_brand":[],"product_cat":[32],"product_tag":[],"class_list":{"0":"post-16763","1":"product","2":"type-product","3":"status-publish","4":"has-post-thumbnail","6":"product_cat-viagra-sildenafil","8":"first","9":"instock","10":"taxable","11":"shipping-taxable","12":"purchasable","13":"product-type-simple"},"aioseo_notices":[],"tiered_pricing_type":"fixed","tiered_pricing_fixed_rules":{"2":"33.25","3":"31.50","5":"29.75","10":"28.00"},"tiered_pricing_percentage_rules":[],"tiered_pricing_minimum":1,"tiered_pricing_roles_data":[],"_links":{"self":[{"href":"https:\/\/erovito.net\/et\/wp-json\/wp\/v2\/product\/16763","targetHints":{"allow":["GET"]}}],"collection":[{"href":"https:\/\/erovito.net\/et\/wp-json\/wp\/v2\/product"}],"about":[{"href":"https:\/\/erovito.net\/et\/wp-json\/wp\/v2\/types\/product"}],"replies":[{"embeddable":true,"href":"https:\/\/erovito.net\/et\/wp-json\/wp\/v2\/comments?post=16763"}],"version-history":[{"count":3,"href":"https:\/\/erovito.net\/et\/wp-json\/wp\/v2\/product\/16763\/revisions"}],"predecessor-version":[{"id":17776,"href":"https:\/\/erovito.net\/et\/wp-json\/wp\/v2\/product\/16763\/revisions\/17776"}],"wp:featuredmedia":[{"embeddable":true,"href":"https:\/\/erovito.net\/et\/wp-json\/wp\/v2\/media\/16769"}],"wp:attachment":[{"href":"https:\/\/erovito.net\/et\/wp-json\/wp\/v2\/media?parent=16763"}],"wp:term":[{"taxonomy":"product_brand","embeddable":true,"href":"https:\/\/erovito.net\/et\/wp-json\/wp\/v2\/product_brand?post=16763"},{"taxonomy":"product_cat","embeddable":true,"href":"https:\/\/erovito.net\/et\/wp-json\/wp\/v2\/product_cat?post=16763"},{"taxonomy":"product_tag","embeddable":true,"href":"https:\/\/erovito.net\/et\/wp-json\/wp\/v2\/product_tag?post=16763"}],"curies":[{"name":"wp","href":"https:\/\/api.w.org\/{rel}","templated":true}]}}