{"id":16731,"date":"2024-02-23T15:57:32","date_gmt":"2024-02-23T13:57:32","guid":{"rendered":"https:\/\/erovito.net\/?post_type=product&#038;p=16731"},"modified":"2026-04-10T11:14:06","modified_gmt":"2026-04-10T08:14:06","slug":"malegra-200mg","status":"publish","type":"product","link":"https:\/\/erovito.net\/et\/viagra-sildenafil\/malegra-200mg\/","title":{"rendered":"Malegra 200mg Sildenafil"},"content":{"rendered":"<h2 dir=\"ltr\">Dozavimas ir kaip vartoti Malegra 200mg?<\/h2>\n<p dir=\"ltr\">Malegra 200mg yra dvigubai stipresn\u0117 nei \u012fprastos 100 mg tablet\u0117s, tod\u0117l rekomenduojama prad\u0117ti nuo 50 mg doz\u0117s. Jei poveikis per silpnas, galite padidinti doz\u0119 iki 100 mg ar net visos 200 mg tablet\u0117s. \u0160i\u0105 tablet\u0119 galite padalyti \u012f kelias dalis, kad sutaupytum\u0117te. \u0160io stiprumo tablet\u0117s pradeda veikti per 30 minu\u010di\u0173, tod\u0117l rekomenduojama jas i\u0161gerti likus pusvaland\u017eiui iki lytinio akto.<\/p>\n<p dir=\"ltr\">Erekcija trunka nuo 4 iki 6 valand\u0173, ta\u010diau ji pasirei\u0161kia tik seksualin\u0117s stimuliacijos metu. Nor\u0117dami su\u017einoti daugiau apie produktus su sildenafiliu, apsilankykite <a href=\"https:\/\/erovito.net\/viagra-sildenafil\/\">\u010dia<\/a>.<\/p>\n<h2 dir=\"ltr\">Ar galima kasdien vartoti Malegra 200mg?<\/h2>\n<p dir=\"ltr\">Taip, galite vartoti \u0161i\u0105 tablet\u0119 kasdien, ta\u010diau nevir\u0161ykite 200 mg per dien\u0105. Laikykit\u0117s gydytojo nurodym\u0173 ir rekomendacij\u0173, kad i\u0161vengtum\u0117te perdozavimo.<\/p>\n<h2 dir=\"ltr\">K\u0105 reikia \u017einoti prie\u0161 vartojant Malegra 200mg?<\/h2>\n<p dir=\"ltr\">\u0160is vaistas yra pla\u010diai naudojamas visame pasaulyje d\u0117l jo veiksmingumo. Ta\u010diau prie\u0161 vartodami pasitarkite su gydytoju, ypa\u010d jei turite:<\/p>\n<p dir=\"ltr\">\u25cf \u0160irdies lig\u0173<\/p>\n<p dir=\"ltr\">\u25cf Auk\u0161t\u0105 kraujosp\u016bd\u012f<\/p>\n<p dir=\"ltr\">\u25cf Diabet\u0105<\/p>\n<p dir=\"ltr\">\u25cf Inkst\u0173 ar kepen\u0173 problem\u0173.<\/p>\n<p dir=\"ltr\">Daugiau produkt\u0173 su sildenafiliu galite rasti <a href=\"https:\/\/vaistai.lt\/sildenafilum.html\" target=\"_blank\" rel=\"noopener\">\u010dia<\/a>.<\/p>\n<h3 dir=\"ltr\">\u012esp\u0117jimai ir atsargumo priemon\u0117s<\/h3>\n<p dir=\"ltr\">Malegra 200mg yra stiprus vaistas, tod\u0117l b\u016btina atsi\u017evelgti \u012f \u0161iuos \u012fsp\u0117jimus:<\/p>\n<p dir=\"ltr\">\u25cf Nevartokite kartu su nitratais ar kitais vaistais nuo erekcijos disfunkcijos<\/p>\n<p dir=\"ltr\">\u25cf Nerekomenduojama moterims ir jaunesniems nei 18 met\u0173 asmenims<\/p>\n<p dir=\"ltr\">\u25cf Nevartokite, jei esate alergi\u0161ki sildenafiliui.<\/p>\n<h3 dir=\"ltr\">Vaist\u0173 s\u0105veika<\/h3>\n<p dir=\"ltr\">\u0160is vaistas gali s\u0105veikauti su kitais vaistais, tod\u0117l venkite vartoti kartu su:<\/p>\n<p dir=\"ltr\">\u25cf Antibiotikais<\/p>\n<p dir=\"ltr\">\u25cf Prie\u0161grybeliniais vaistais<\/p>\n<p dir=\"ltr\">\u25cf Vaistais nuo astmos<\/p>\n<p dir=\"ltr\">\u25cf Antidepresantais ar kraujosp\u016bd\u012f ma\u017einan\u010diais vaistais.<\/p>\n<h3 dir=\"ltr\">Kada b\u016btina kreiptis \u012f gydytoj\u0105?<\/h3>\n<p dir=\"ltr\">Kreipkit\u0117s \u012f gydytoj\u0105, jei pasirei\u0161k\u0117 \u0161ie simptomai:<\/p>\n<p dir=\"ltr\">\u25cf Staigus reg\u0117jimo ar klausos pablog\u0117jimas<\/p>\n<p dir=\"ltr\">\u25cf Ilgiau nei 4 valandas trunkanti skausminga erekcija<\/p>\n<p dir=\"ltr\">\u25cf Kraujas \u0161lapime ar drumstumas.<\/p>\n<h3 dir=\"ltr\">Galimas lengvas \u0161alutinis poveikis<\/h3>\n<p dir=\"ltr\">Galimi \u0161alutiniai poveikiai yra:<\/p>\n<p dir=\"ltr\">\u25cf Galvos skausmas<\/p>\n<p dir=\"ltr\">\u25cf Raumen\u0173 skausmas<\/p>\n<p dir=\"ltr\">\u25cf Nosies u\u017egulimas<\/p>\n<p dir=\"ltr\">\u25cf Skrand\u017eio diskomfortas<\/p>\n<p dir=\"ltr\">\u25cf Nery\u0161kus matymas.<\/p>\n<h2 dir=\"ltr\">Alkoholio ir Malegra 200mg s\u0105veika<\/h2>\n<p dir=\"ltr\">Alkoholio vartojimas kartu su \u0161iuo vaistu gali padidinti \u0161alutinio poveikio, tokio kaip galvos svaigimas ar nuovargis, rizik\u0105. Rekomenduojama vengti alkoholio.<\/p>\n<h2 dir=\"ltr\">Greipfrut\u0173 sul\u010di\u0173 ir Malegra 200mg s\u0105veika<\/h2>\n<p dir=\"ltr\">Greipfrut\u0173 sultys gali padidinti sildenafilio koncentracij\u0105 kraujyje, tod\u0117l did\u0117ja \u0161alutinio poveikio tikimyb\u0117. Venkite greipfrut\u0173 sul\u010di\u0173 bent 24 valandas prie\u0161 vartojim\u0105.<\/p>\n<h2 dir=\"ltr\">Kaip laikyti Malegra tabletes?<\/h2>\n<p dir=\"ltr\">Laikykite Malegra kambario temperat\u016broje, sausoje ir vaikams nepasiekiamoje vietoje. Venkite tiesiogini\u0173 saul\u0117s spinduli\u0173 ir dr\u0117gm\u0117s.<\/p>\n","protected":false},"excerpt":{"rendered":"<p>Malegra yra patikimas vaistas nuo erekcijos disfunkcijos, padedantis vyrams atgauti pasitik\u0117jim\u0105 lytini\u0173 santyki\u0173 metu. Tai padeda jums m\u0117gautis ilgesniu ir intensyvesniu seksualiniu susijaudinimu. Sildanafilis, \u0161io stipraus vaisto veiklioji med\u017eiaga, palengvina simptomus, susijusius su erekcijos disfunkcija, o tai u\u017etikrina, kad lytini\u0173 santyki\u0173 metu esate seksualiai paj\u0117g\u016bs.<\/p>\n","protected":false},"featured_media":17459,"comment_status":"closed","ping_status":"closed","template":"","meta":[],"product_brand":[],"product_cat":[32],"product_tag":[],"class_list":{"0":"post-16731","1":"product","2":"type-product","3":"status-publish","4":"has-post-thumbnail","6":"product_cat-viagra-sildenafil","8":"first","9":"instock","10":"taxable","11":"shipping-taxable","12":"purchasable","13":"product-type-simple"},"aioseo_notices":[],"tiered_pricing_type":"fixed","tiered_pricing_fixed_rules":{"2":"42.75","3":"40.50","5":"38.25","10":"36.00"},"tiered_pricing_percentage_rules":[],"tiered_pricing_minimum":1,"tiered_pricing_roles_data":[],"_links":{"self":[{"href":"https:\/\/erovito.net\/et\/wp-json\/wp\/v2\/product\/16731","targetHints":{"allow":["GET"]}}],"collection":[{"href":"https:\/\/erovito.net\/et\/wp-json\/wp\/v2\/product"}],"about":[{"href":"https:\/\/erovito.net\/et\/wp-json\/wp\/v2\/types\/product"}],"replies":[{"embeddable":true,"href":"https:\/\/erovito.net\/et\/wp-json\/wp\/v2\/comments?post=16731"}],"version-history":[{"count":6,"href":"https:\/\/erovito.net\/et\/wp-json\/wp\/v2\/product\/16731\/revisions"}],"predecessor-version":[{"id":17779,"href":"https:\/\/erovito.net\/et\/wp-json\/wp\/v2\/product\/16731\/revisions\/17779"}],"wp:featuredmedia":[{"embeddable":true,"href":"https:\/\/erovito.net\/et\/wp-json\/wp\/v2\/media\/17459"}],"wp:attachment":[{"href":"https:\/\/erovito.net\/et\/wp-json\/wp\/v2\/media?parent=16731"}],"wp:term":[{"taxonomy":"product_brand","embeddable":true,"href":"https:\/\/erovito.net\/et\/wp-json\/wp\/v2\/product_brand?post=16731"},{"taxonomy":"product_cat","embeddable":true,"href":"https:\/\/erovito.net\/et\/wp-json\/wp\/v2\/product_cat?post=16731"},{"taxonomy":"product_tag","embeddable":true,"href":"https:\/\/erovito.net\/et\/wp-json\/wp\/v2\/product_tag?post=16731"}],"curies":[{"name":"wp","href":"https:\/\/api.w.org\/{rel}","templated":true}]}}