{"id":16998,"date":"2024-02-23T19:46:19","date_gmt":"2024-02-23T17:46:19","guid":{"rendered":"https:\/\/erovito.net\/?post_type=product&#038;p=16998"},"modified":"2025-09-21T21:45:06","modified_gmt":"2025-09-21T18:45:06","slug":"vilitra-20mg","status":"publish","type":"product","link":"https:\/\/erovito.net\/en\/levitra-vardenafil\/vilitra-20mg\/","title":{"rendered":"Vilitra 20mg Vardenafil"},"content":{"rendered":"<p dir=\"ltr\">Generin\u0117 Levitra 20mg, kurios sud\u0117tyje yra veikliosios med\u017eiagos <a href=\"https:\/\/erovito.net\/levitra-vardenafil\/\">vardenafilis<\/a>, yra puiki alternatyva \u017einomiems prek\u0117s \u017eenklams. \u0160is preparatas veikia efektyviai, padidindamas kraujotak\u0105 varpos erekcijos audinyje, taip u\u017etikrinant tvirt\u0105 ir ilgalaik\u0119 erekcij\u0105. D\u0117l veikliosios med\u017eiagos, glaud\u017eiai susijusios su sildenafilio citratu ir tadalafiliu, Vilitra yra puikus pasirinkimas vyrams, ie\u0161kantiems patikimo sprendimo. Seksualin\u0117s stimuliacijos metu azoto oksidas aktyvuoja ferment\u0105 guanilatciklaz\u0119, kuris padidina chemin\u0117s med\u017eiagos cGMP kiek\u012f. D\u0117l to atsipalaiduoja kraujagysl\u0117s, pager\u0117ja kraujotaka ir pasiekiama erekcija.<\/p>\n<p dir=\"ltr\">Pirkite Vilitra 20mg ir m\u0117gaukit\u0117s intymiu gyvenimu, kuris pranoks j\u016bs\u0173 l\u016bkes\u010dius!<\/p>\n<h2 dir=\"ltr\">Tinkama doz\u0117 ir kaip vartoti Vilitra 20mg<\/h2>\n<p dir=\"ltr\">Rekomenduojama Vilitra doz\u0117 yra 10mg. J\u0105 reikia i\u0161gerti 25\u201350 minu\u010di\u0173 prie\u0161 lytin\u012f akt\u0105. Jei poveikis yra per silpnas, galite doz\u0119 padidinti iki did\u017eiausios \u2013 20mg per par\u0105. Ta\u010diau niekada nevir\u0161ykite \u0161ios normos ir nevartokite vaisto da\u017eniau nei kart\u0105 per dien\u0105.<\/p>\n<p dir=\"ltr\">\u0160\u012f preparat\u0105 galite vartoti valgio metu arba nevalgius, ta\u010diau nor\u0117dami pasiekti geriausi\u0173 rezultat\u0173, venkite riebaus maisto, nes jis gali sul\u0117tinti vaisto poveik\u012f. Visada i\u0161gerkite tablet\u0119 u\u017esigerdami dideliu stikline vandens!<\/p>\n<p dir=\"ltr\">Vaisto poveikis trunka nuo 4 iki 6 valand\u0173. Be to, jei pasirei\u0161kia lengvas \u0161alutinis poveikis, jis paprastai praeina netrukus po vaisto veikimo laikotarpio pabaigos.<\/p>\n<h2 dir=\"ltr\">K\u0105 svarbu \u017einoti prie\u0161 vartojant Vilitra 20mg?<\/h2>\n<p dir=\"ltr\">Prie\u0161 prad\u0117dami vartoti generin\u0119 Vilitra 20mg, b\u016btina \u017einoti apie galimus \u0161alutinius poveikius:<\/p>\n<p dir=\"ltr\">\u2022 Veido paraudimas.<\/p>\n<p dir=\"ltr\">\u2022 Galvos skausmas ir svaigimas.<\/p>\n<p dir=\"ltr\">\u2022 Vir\u0161kinimo sutrikimai.<\/p>\n<p dir=\"ltr\">\u2022 Nosies u\u017egulimas.<\/p>\n<p dir=\"ltr\">Taip pat svarbu pa\u017eym\u0117ti, kad Vilitra neveikia, jei n\u0117ra seksualin\u0117s stimuliacijos. Ji n\u0117ra afrodiziakas. Be to, niekada nevartokite kit\u0173 vaist\u0173, kuri\u0173 sud\u0117tyje yra <a href=\"https:\/\/vaistai.lt\/vardenafilum.html\">vardenafilio<\/a>, tadalafilio ar sildenafilio, tuo pa\u010diu metu.<\/p>\n<h3 dir=\"ltr\">\u012esp\u0117jimai ir atsargumo priemon\u0117s<\/h3>\n<p dir=\"ltr\">Vilitra 20mg negalima vartoti \u0161iais atvejais:<\/p>\n<p dir=\"ltr\">\u2022 Esate alergi\u0161ki vardenafiliui ar bet kuriai pagalbinei med\u017eiagai.<\/p>\n<p dir=\"ltr\">\u2022 Turite \u0161irdies, kepen\u0173 ar inkst\u0173 lig\u0173.<\/p>\n<p dir=\"ltr\">\u2022 Vartojate alfa adrenoblokatorius arba nitrat\u0173 preparatus.<\/p>\n<p dir=\"ltr\">\u2022 Jums neseniai buvo insultas ar \u0161irdies priepuolis.<\/p>\n<p dir=\"ltr\">\u2022 Naudojate ketokonazol\u0105, itrakonazol\u0105 arba ritonavir\u0105.<\/p>\n<p dir=\"ltr\">\u2022 J\u016bs\u0173 \u0161eimos istorijoje yra degeneracin\u0117s aki\u0173 ligos arba pats esate prarad\u0119s reg\u0117jim\u0105.<\/p>\n<p dir=\"ltr\">Prie\u0161 vartodami \u0161\u012f vaist\u0105, pasitarkite su gydytoju, kad \u012fsitikintum\u0117te, jog jis yra saugus j\u016bs\u0173 sveikatai.<\/p>\n<h3 dir=\"ltr\">Kada b\u016btina nedelsiant kreiptis \u012f gydytoj\u0105?<\/h3>\n<p dir=\"ltr\">Nedelsdami kreipkit\u0117s \u012f gydytoj\u0105, jei pasirei\u0161kia \u0161ie simptomai:<\/p>\n<p dir=\"ltr\">\u2022 Kv\u0117pavimo sutrikimai ar kr\u016btin\u0117s skausmas.<\/p>\n<p dir=\"ltr\">\u2022 Staigus reg\u0117jimo ar klausos praradimas.<\/p>\n<p dir=\"ltr\">\u2022 Ilgiau nei 4 valandas trunkanti erekcija (priapizmas).<\/p>\n<p dir=\"ltr\">\u2022 Alpimas ar stiprus galvos svaigimas.<\/p>\n<p dir=\"ltr\">\u0160ie simptomai gali rodyti rimt\u0105 alergin\u0119 reakcij\u0105 ar kitas sveikatos problemas, tod\u0117l b\u016btina skubi medicinin\u0117 pagalba.<\/p>\n<h3 dir=\"ltr\">Galimi \u0161alutiniai poveikiai<\/h3>\n<p dir=\"ltr\">Kai kurie retesni, bet galimi \u0161alutiniai poveikiai:<\/p>\n<p dir=\"ltr\">\u2022 Laikini spalv\u0173 matymo sutrikimai.<\/p>\n<p dir=\"ltr\">\u2022 Spengimas ausyse ar klausos susilpn\u0117jimas.<\/p>\n<p dir=\"ltr\">\u2022 Kraujavimas i\u0161 nosies.<\/p>\n<p dir=\"ltr\">\u2022 Greitas \u0161irdies plakimas ar rank\u0173 ir koj\u0173 patinimas.<\/p>\n<p dir=\"ltr\">\u2022 Pykinimas ar v\u0117mimas.<\/p>\n<p dir=\"ltr\">Jei \u0161ie simptomai nepraeina, nedelsdami kreipkit\u0117s \u012f gydytoj\u0105.<\/p>\n<h2 dir=\"ltr\">Kod\u0117l reik\u0117t\u0173 vengti alkoholio vartojant Vilitra 20mg?<\/h2>\n<p dir=\"ltr\">Alkoholio vartojimas kartu su \u0161iuo vaistu gali sustiprinti \u0161alutin\u012f poveik\u012f, pvz., galvos svaigim\u0105 ar mieguistum\u0105. Be to, alkoholis gali suma\u017einti vaisto efektyvum\u0105, tod\u0117l rekomenduojama visi\u0161kai jo vengti.<\/p>\n<h2 dir=\"ltr\">Kod\u0117l netur\u0117tum\u0117te vartoti greipfrut\u0173 sul\u010di\u0173 kartu su Vilitra 20mg?<\/h2>\n<p dir=\"ltr\">Greipfrut\u0173 sultys gali sul\u0117tinti vardenafilio apdorojim\u0105 organizme ir padidinti \u0161alutinio poveikio rizik\u0105. Tod\u0117l rekomenduojama vengti greipfrut\u0173 produkt\u0173 72 valandas prie\u0161 ir po vaisto vartojimo.<\/p>\n<h2 dir=\"ltr\">Kaip tinkamai laikyti Vilitra?<\/h2>\n<p dir=\"ltr\">Laikykite Vilitra kambario temperat\u016broje, sausoje vietoje, apsaugotoje nuo tiesiogin\u0117s saul\u0117s spinduli\u0173. U\u017etikrinkite, kad vaistas b\u016bt\u0173 laikomas vaikams ir gyv\u016bnams nepasiekiamoje vietoje. Pasibaigus galiojimo laikui, gr\u0105\u017einkite vaist\u0105 vaistininkui tinkamam sunaikinimui.<\/p>\n","protected":false},"excerpt":{"rendered":"<p>Vardenafilis 20mg atpalaiduoja varpos kraujagysles, padidina kraujo tek\u0117jim\u0105 \u012f varp\u0105 ir sukelia erekcij\u0105, kuri yra nat\u016brali reakcija \u012f seksualin\u0119 stimuliacij\u0105. Ta\u010diau \u0161is produktas n\u0117ra afrodiziakas ir veikia tik tada, kai vyras yra seksualiai susijaudin\u0119s.<\/p>\n","protected":false},"featured_media":17003,"comment_status":"closed","ping_status":"closed","template":"","meta":[],"product_brand":[],"product_cat":[20],"product_tag":[],"class_list":{"0":"post-16998","1":"product","2":"type-product","3":"status-publish","4":"has-post-thumbnail","6":"product_cat-levitra-vardenafil","8":"first","9":"instock","10":"taxable","11":"shipping-taxable","12":"purchasable","13":"product-type-simple"},"aioseo_notices":[],"tiered_pricing_type":"fixed","tiered_pricing_fixed_rules":{"2":"33.25","3":"31.50","5":"29.75","10":"28.00"},"tiered_pricing_percentage_rules":[],"tiered_pricing_minimum":1,"tiered_pricing_roles_data":[],"_links":{"self":[{"href":"https:\/\/erovito.net\/en\/wp-json\/wp\/v2\/product\/16998","targetHints":{"allow":["GET"]}}],"collection":[{"href":"https:\/\/erovito.net\/en\/wp-json\/wp\/v2\/product"}],"about":[{"href":"https:\/\/erovito.net\/en\/wp-json\/wp\/v2\/types\/product"}],"replies":[{"embeddable":true,"href":"https:\/\/erovito.net\/en\/wp-json\/wp\/v2\/comments?post=16998"}],"version-history":[{"count":4,"href":"https:\/\/erovito.net\/en\/wp-json\/wp\/v2\/product\/16998\/revisions"}],"predecessor-version":[{"id":17743,"href":"https:\/\/erovito.net\/en\/wp-json\/wp\/v2\/product\/16998\/revisions\/17743"}],"wp:featuredmedia":[{"embeddable":true,"href":"https:\/\/erovito.net\/en\/wp-json\/wp\/v2\/media\/17003"}],"wp:attachment":[{"href":"https:\/\/erovito.net\/en\/wp-json\/wp\/v2\/media?parent=16998"}],"wp:term":[{"taxonomy":"product_brand","embeddable":true,"href":"https:\/\/erovito.net\/en\/wp-json\/wp\/v2\/product_brand?post=16998"},{"taxonomy":"product_cat","embeddable":true,"href":"https:\/\/erovito.net\/en\/wp-json\/wp\/v2\/product_cat?post=16998"},{"taxonomy":"product_tag","embeddable":true,"href":"https:\/\/erovito.net\/en\/wp-json\/wp\/v2\/product_tag?post=16998"}],"curies":[{"name":"wp","href":"https:\/\/api.w.org\/{rel}","templated":true}]}}