{"id":16966,"date":"2024-02-23T19:33:49","date_gmt":"2024-02-23T17:33:49","guid":{"rendered":"https:\/\/erovito.net\/?post_type=product&#038;p=16966"},"modified":"2024-12-19T21:25:53","modified_gmt":"2024-12-19T19:25:53","slug":"cenforce-d-160mg-dapoksetinas-60mg-sildenafilis-100mg","status":"publish","type":"product","link":"https:\/\/erovito.net\/en\/priligy-dapoxetine\/cenforce-d-160mg-dapoksetinas-60mg-sildenafilis-100mg\/","title":{"rendered":"Cenforce D 160mg (Dapoksetinas 60mg + Sildenafilis 100mg)"},"content":{"rendered":"<p dir=\"ltr\">Cenforce D yra efektyvus dviej\u0173 veikli\u0173j\u0173 med\u017eiag\u0173 derinys \u2013<a href=\"https:\/\/erovito.net\/viagra-sildenafil\/\">sildenafilio<\/a> ir<a href=\"https:\/\/erovito.net\/priligy-dapoxetine\/\"> dapoksetino<\/a>.<a href=\"https:\/\/erovito.net\/viagra-sildenafil\/\"> Sildenafilis<\/a> padeda pagerinti kraujo tek\u0117jim\u0105 \u012f varp\u0105, u\u017etikrinant tvirt\u0105 erekcij\u0105 per 30\u201360 minu\u010di\u0173, o <a href=\"https:\/\/erovito.net\/priligy-dapoxetine\/\">dapoksetinas<\/a> yra skirtas prie\u0161laikinei ejakuliacijai kontroliuoti. \u0160is produktas yra puiki alternatyva, pana\u0161i \u012f \u201eSuper Viagra\u201c, pasi\u017eymintis greitu veikimu ir puikiais rezultatais.<\/p>\n<h2 dir=\"ltr\">Tinkamos doz\u0117s ir kaip vartoti Cenforce D tabletes?<\/h2>\n<p dir=\"ltr\">Norint pasiekti geriausi\u0173 rezultat\u0173, i\u0161gerkite vien\u0105 tablet\u0119 (160mg) u\u017esigeriant dideliu stikline vandens. \u0160io preparato poveikis pasirei\u0161kia per 30\u201360 minu\u010di\u0173 ir gali trukti 6\u201312 valand\u0173, priklausomai nuo organizmo reakcijos. Ta\u010diau labai svarbu laikytis dozavimo nurodym\u0173 ir nevartoti daugiau kaip vienos tablet\u0117s per 24 valandas, siekiant i\u0161vengti galim\u0173 \u0161alutini\u0173 poveiki\u0173.<\/p>\n<h2 dir=\"ltr\">K\u0105 reikia \u017einoti prie\u0161 vartojant Cenforce D?<\/h2>\n<p dir=\"ltr\">Svarbu \u017einoti, kad \u0161is vaistas gali s\u0105veikauti su kitais preparatais. Venkite vartoti Cenforce D, jei naudojate \u0161iuos vaistus:<\/p>\n<ul dir=\"ltr\">\n<li>Nitrat\u0173 turin\u010dius vaistus, pvz., nitroglicerin\u0105 ar nitroprusid\u0105.<\/li>\n<li>Alfa adrenoblokatorius, skirtus prostatos sutrikimams ar auk\u0161tam kraujosp\u016bd\u017eiui gydyti.<\/li>\n<li>\u017dIV gydymui skirtus proteaz\u0117s inhibitorius.<\/li>\n<li>Vaistus nuo depresijos, \u012fskaitant SSRI, SNRI ar MAOI.<\/li>\n<li>Prie\u0161grybelinius preparatus.<\/li>\n<li>Kitus produktus, skirtus erekcijos disfunkcijai gydyti.<\/li>\n<\/ul>\n<p dir=\"ltr\">Be to, venkite \u0161io vaisto, jei turite rimt\u0173 sveikatos b\u016bkli\u0173, toki\u0173 kaip \u0161irdies ligos, neseniai patirtas \u0161irdies priepuolis ar insultas, arba varpos strukt\u016bros deformacij\u0173.<\/p>\n<p dir=\"ltr\">Nor\u0117dami daugiau su\u017einoti apie dapoksetino naudojim\u0105 ir poveik\u012f, apsilankykite patikimuose \u0161altiniuose, pvz.,<br \/>\n<a href=\"https:\/\/vaistai.lt\/dapoxetin.html\">vaistai.lt<\/a>.<\/p>\n<h3 dir=\"ltr\">\u012esp\u0117jimai ir atsargumo priemon\u0117s<\/h3>\n<p dir=\"ltr\">Prie\u0161 vartodami \u0161\u012f preparat\u0105, pasitarkite su gydytoju, jei turite kuri\u0105 nors i\u0161 \u0161i\u0173 b\u016bkli\u0173:<\/p>\n<ul dir=\"ltr\">\n<li>\u0160irdies ligos ar \u0161irdies ritmo sutrikimai.<\/li>\n<li>Kepen\u0173 ar inkst\u0173 funkcijos sutrikimai.<\/li>\n<li>\u017demas arba auk\u0161tas kraujosp\u016bdis.<\/li>\n<li>Genetin\u0117s aki\u0173 ligos, pvz., pigmentinis retinitas.<\/li>\n<li>Kraujo sutrikimai, pvz., pjautuvin\u0117 anemija ar leukemija.<\/li>\n<\/ul>\n<h3 dir=\"ltr\">Kada nedelsiant kreiptis \u012f gydytoj\u0105?<\/h3>\n<p dir=\"ltr\">Jei vartojant Cenforce D pasirei\u0161kia bet kuris i\u0161 \u0161i\u0173 simptom\u0173, nedelsdami kreipkit\u0117s \u012f gydytoj\u0105:<\/p>\n<ul dir=\"ltr\">\n<li>Erekcija, trunkanti ilgiau nei 4 valandas (priapizmas).<\/li>\n<li>Staigus reg\u0117jimo ar klausos praradimas.<\/li>\n<li>Spengimas ausyse ar stiprus galvos svaigimas.<\/li>\n<\/ul>\n<h3 dir=\"ltr\">Galimi \u0161alutiniai poveikiai<\/h3>\n<p dir=\"ltr\">Kai kurie lengvi \u0161alutiniai poveikiai gali apimti:<\/p>\n<ul dir=\"ltr\">\n<li>Galvos skausmas.<\/li>\n<li>Paraudimas.<\/li>\n<li>Nosies u\u017egulimas.<\/li>\n<li>Raumen\u0173 ar nugaros skausmai.<\/li>\n<\/ul>\n<p dir=\"ltr\">\u0160ie simptomai paprastai suma\u017e\u0117ja geriant daugiau vandens. Jei jie i\u0161lieka, pasitarkite su gydytoju.<\/p>\n<h2 dir=\"ltr\">Kod\u0117l negalima vartoti alkoholio su Cenforce D?<\/h2>\n<p dir=\"ltr\">Alkoholis gali suma\u017einti \u0161io vaisto efektyvum\u0105 ir padidinti \u0161alutini\u0173 poveiki\u0173, pvz., galvos svaigimo ar kraujosp\u016bd\u017eio suma\u017e\u0117jimo, rizik\u0105. Geriausia vengti alkoholio, kad u\u017etikrintum\u0117te maksimal\u0173 veiksmingum\u0105.<\/p>\n<h2 dir=\"ltr\">Kod\u0117l reik\u0117t\u0173 vengti greipfrut\u0173 sul\u010di\u0173?<\/h2>\n<p dir=\"ltr\">Greipfrutai ir j\u0173 sultys gali trukdyti sildenafilio veiksmingumui, taip pat padidinti \u0161alutini\u0173 poveiki\u0173 tikimyb\u0119. Norint i\u0161vengti galim\u0173 komplikacij\u0173, rekomenduojama vengti greipfrut\u0173 produkt\u0173 vartojimo 72 valandas prie\u0161 ir po vaisto vartojimo.<\/p>\n<h2 dir=\"ltr\">Kaip laikyti tabletes?<\/h2>\n<p dir=\"ltr\">Laikykite tabletes originalioje pakuot\u0117je, apsaugotoje nuo saul\u0117s spinduli\u0173 ir dr\u0117gm\u0117s. U\u017etikrinkite, kad jos b\u016bt\u0173 laikomos vaikams ir gyv\u016bnams nepasiekiamoje vietoje.<\/p>\n","protected":false},"excerpt":{"rendered":"<p>Cenforce D 160mg yra galingas dviej\u0173 veikli\u0173j\u0173 med\u017eiag\u0173 derinys, skirtas veiksmingai palengvinti simptomin\u012f erekcijos sutrikim\u0105 ir ankstyv\u0105 ejakuliacij\u0105. Sujungus sildenafilio citrat\u0105 (tas pats ingredientas, naudojamas gerai \u017einomoje \u201eViagra\u201c) ir dapoksetin\u0105, \u0161i kombinacija pagerina kraujotak\u0105, tod\u0117l vyrams padid\u0117ja seksualin\u0117 veikla.<\/p>\n","protected":false},"featured_media":16967,"comment_status":"open","ping_status":"closed","template":"","meta":[],"product_brand":[],"product_cat":[28],"product_tag":[],"class_list":{"0":"post-16966","1":"product","2":"type-product","3":"status-publish","4":"has-post-thumbnail","6":"product_cat-priligy-dapoxetine","8":"first","9":"outofstock","10":"taxable","11":"shipping-taxable","12":"purchasable","13":"product-type-simple"},"aioseo_notices":[],"tiered_pricing_type":"fixed","tiered_pricing_fixed_rules":{"2":"38.00","3":"36.00","5":"34.00","10":"32.00"},"tiered_pricing_percentage_rules":[],"tiered_pricing_minimum":1,"tiered_pricing_roles_data":[],"_links":{"self":[{"href":"https:\/\/erovito.net\/en\/wp-json\/wp\/v2\/product\/16966","targetHints":{"allow":["GET"]}}],"collection":[{"href":"https:\/\/erovito.net\/en\/wp-json\/wp\/v2\/product"}],"about":[{"href":"https:\/\/erovito.net\/en\/wp-json\/wp\/v2\/types\/product"}],"replies":[{"embeddable":true,"href":"https:\/\/erovito.net\/en\/wp-json\/wp\/v2\/comments?post=16966"}],"version-history":[{"count":3,"href":"https:\/\/erovito.net\/en\/wp-json\/wp\/v2\/product\/16966\/revisions"}],"predecessor-version":[{"id":17749,"href":"https:\/\/erovito.net\/en\/wp-json\/wp\/v2\/product\/16966\/revisions\/17749"}],"wp:featuredmedia":[{"embeddable":true,"href":"https:\/\/erovito.net\/en\/wp-json\/wp\/v2\/media\/16967"}],"wp:attachment":[{"href":"https:\/\/erovito.net\/en\/wp-json\/wp\/v2\/media?parent=16966"}],"wp:term":[{"taxonomy":"product_brand","embeddable":true,"href":"https:\/\/erovito.net\/en\/wp-json\/wp\/v2\/product_brand?post=16966"},{"taxonomy":"product_cat","embeddable":true,"href":"https:\/\/erovito.net\/en\/wp-json\/wp\/v2\/product_cat?post=16966"},{"taxonomy":"product_tag","embeddable":true,"href":"https:\/\/erovito.net\/en\/wp-json\/wp\/v2\/product_tag?post=16966"}],"curies":[{"name":"wp","href":"https:\/\/api.w.org\/{rel}","templated":true}]}}