{"id":16936,"date":"2024-02-23T19:21:42","date_gmt":"2024-02-23T17:21:42","guid":{"rendered":"https:\/\/erovito.net\/?post_type=product&#038;p=16936"},"modified":"2026-03-26T13:17:39","modified_gmt":"2026-03-26T11:17:39","slug":"poxet-60mg","status":"publish","type":"product","link":"https:\/\/erovito.net\/en\/priligy-dapoxetine\/poxet-60mg\/","title":{"rendered":"Poxet 60mg Dapoxetin"},"content":{"rendered":"<h2 dir=\"ltr\">Tinkama doz\u0117 ir kaip vartoti Dapoksetino 60mg tabletes<\/h2>\n<p dir=\"ltr\">Dapoksetinas 60mg yra populiarus pasirinkimas vyrams, ie\u0161kantiems veiksmingo sprendimo ankstyvos ejakuliacijos problemai. Pirm\u0105 kart\u0105 vartojant, rekomenduojama i\u0161gerti pus\u0119 tablet\u0117s (30 mg). Vartokite tabletes 30\u201360 minu\u010di\u0173 prie\u0161 lytin\u012f akt\u0105, u\u017egeriant stikline vandens. Jei poveikis n\u0117ra pakankamas ir \u0161alutinio poveikio nepasteb\u0117site, doz\u0119 galite padidinti iki 60 mg (vienos tablet\u0117s) per dien\u0105. Maksimalus vaisto poveikis pasirei\u0161kia per 1\u20132 valandas ir trunka iki 5 valand\u0173.<\/p>\n<p dir=\"ltr\">\u0160is vaistas gali b\u016bti derinamas su kitais erekcijos disfunkcijos vaistais, tokiais kaip<a href=\"https:\/\/erovito.net\/viagra-sildenafil\/\"> sildenafilis<\/a> arba<a href=\"https:\/\/erovito.net\/levitra-vardenafil\/\"> vardenafilis<\/a>. Ta\u010diau, norint u\u017etikrinti saugum\u0105, rekomenduojama pasikonsultuoti su gydytoju. Taip pat venkite vairavimo ar darbo su pavojingais mechanizmais po \u0161io vaisto vartojimo.<\/p>\n<h2 dir=\"ltr\">K\u0105 reikia \u017einoti prie\u0161 vartojant Poxet 60mg<\/h2>\n<p dir=\"ltr\">Poxet 60mg yra stiprus vaistas, tod\u0117l b\u016btina \u012fvertinti galim\u0105 jo s\u0105veik\u0105 su kitais vaistais. Jei vartojate kitus vaistus arba turite sveikatos problem\u0173, pasakykite apie tai gydytojui. Alkoholio vartojimas kartu su \u0161iuo preparatu gali padidinti \u0161alutinio poveikio, pvz., galvos svaigimo ar pykinimo, rizik\u0105. Jei norite daugiau su\u017einoti apie dapoksetin\u0105, apsilankykite patikimuose \u0161altiniuose, pvz.,<br \/>\n<a href=\"https:\/\/vaistai.lt\/dapoxetin.html\">vaistai.lt<\/a>.<\/p>\n<h3 dir=\"ltr\">\u012esp\u0117jimai ir atsargumo priemon\u0117s<\/h3>\n<p dir=\"ltr\">Prie\u0161 vartodami \u0161\u012f vaist\u0105, pasitarkite su gydytoju, jei vartojate \u0161iuos vaistus:<\/p>\n<ul dir=\"ltr\">\n<li>Serotonin\u0105 veikian\u010dius antidepresantus, pvz., MAOI, SSRI ar L-triptofan\u0105.<\/li>\n<li>Proteaz\u0117s inhibitorius, skirtus \u017dIV gydymui.<\/li>\n<li>Pramoginius narkotikus, pvz., MDMA ar LSD.<\/li>\n<li>Vaistus nuo epilepsijos ar psichoz\u0117s.<\/li>\n<\/ul>\n<p dir=\"ltr\">Taip pat venkite \u0161io vaisto, jei turite \u0161ias sveikatos problemas:<\/p>\n<ul dir=\"ltr\">\n<li>\u0160irdies sutrikim\u0173 ar auk\u0161t\u0105 kraujosp\u016bd\u012f.<\/li>\n<li>Kepen\u0173 lig\u0173 ar depresijos anamnez\u0119.<\/li>\n<li>Esate alergi\u0161ki dapoksetinui ar kitoms sudedamosioms dalims.<\/li>\n<\/ul>\n<h3 dir=\"ltr\">Kada nedelsiant kreiptis \u012f gydytoj\u0105?<\/h3>\n<p dir=\"ltr\">Nors rimti \u0161alutiniai poveikiai yra reti, nedelsdami kreipkit\u0117s \u012f gydytoj\u0105, jei pasirei\u0161kia:<\/p>\n<ul dir=\"ltr\">\n<li>Galvos svaigimas ar alpimas.<\/li>\n<li>Staigus miego sutrikimas ar kv\u0117pavimo sunkumai.<\/li>\n<li>Nuolatinis noras tu\u0161tintis ar kiti ne\u012fprasti simptomai.<\/li>\n<\/ul>\n<h3 dir=\"ltr\">Galimi lengvi \u0161alutiniai poveikiai<\/h3>\n<p dir=\"ltr\">Lengvi \u0161alutiniai poveikiai yra da\u017eni ir da\u017eniausiai i\u0161nyksta savaime. Tai gali b\u016bti:<\/p>\n<ul dir=\"ltr\">\n<li>Galvos skausmas, pykinimas ar veido paraudimas.<\/li>\n<li>Nery\u0161kus matymas ar aki\u0173 skausmas.<\/li>\n<li>Miego sutrikimai ar ne\u012fprasti sapnai.<\/li>\n<\/ul>\n<p dir=\"ltr\">\u0160i\u0173 simptom\u0173 galima i\u0161vengti, jei i\u0161gersite daugiau vandens. Jei jie i\u0161lieka, pasitarkite su gydytoju.<\/p>\n<h2 dir=\"ltr\">Kod\u0117l negalima vartoti alkoholio vartojant Poxet 60?<\/h2>\n<p dir=\"ltr\">Alkoholis gali sustiprinti \u0161alutin\u012f poveik\u012f, pvz., galvos svaigim\u0105 ir suma\u017e\u0117jus\u012f kraujosp\u016bd\u012f. Tai taip pat gali suma\u017einti vaisto veiksmingum\u0105, tod\u0117l rekomenduojama vengti alkoholio vartojimo kartu su \u0161iuo preparatu.<\/p>\n<h2 dir=\"ltr\">Kod\u0117l netur\u0117tum\u0117te vartoti greipfrut\u0173 sul\u010di\u0173 ir Poxet 60 tuo pa\u010diu metu?<\/h2>\n<p dir=\"ltr\">Greipfrutai ir j\u0173 sultys gali paveikti dapoksetino metabolizm\u0105, padidindami jo kiek\u012f kraujyje. Tai gali sukelti stipresnius \u0161alutinius poveikius, pvz., galvos svaigim\u0105 ar pykinim\u0105, tod\u0117l j\u0173 reik\u0117t\u0173 vengti.<\/p>\n<h2 dir=\"ltr\">Kaip laikyti Poxet?<\/h2>\n<p dir=\"ltr\">Laikykite tabletes vaikams ir gyv\u016bnams nepasiekiamoje vietoje, originalioje pakuot\u0117je, apsaugotas nuo dr\u0117gm\u0117s ir tiesiogini\u0173 saul\u0117s spinduli\u0173. Pasibaigus galiojimo laikui, nune\u0161kite tabletes \u012f vaistin\u0119, kad jos b\u016bt\u0173 saugiai sunaikintos.<\/p>\n","protected":false},"excerpt":{"rendered":"<p>Poxet 60 yra \u012f Priligy pana\u0161us vaistas, skirtas gydyti ankstyv\u0105 ejakuliacij\u0105 vyrams. Jo veiklioji med\u017eiaga yra dapoksetinas, kuris yra selektyvus serotonino reabsorbcijos inhibitorius (SSRI). Serotoninas yra neurotransmiteris, kuris vaidina svarb\u0173 vaidmen\u012f seksualiniame susijaudinime ir ejakuliacijoje. Slopindamas serotonino reabsorbcij\u0105, dapoksetinas padeda atitolinti ejakuliacij\u0105, tod\u0117l vyrai gali ilgiau i\u0161likti lytini\u0173 santyki\u0173 metu.<\/p>\n","protected":false},"featured_media":16937,"comment_status":"closed","ping_status":"closed","template":"","meta":[],"product_brand":[],"product_cat":[28],"product_tag":[],"class_list":{"0":"post-16936","1":"product","2":"type-product","3":"status-publish","4":"has-post-thumbnail","6":"product_cat-priligy-dapoxetine","8":"first","9":"instock","10":"taxable","11":"shipping-taxable","12":"purchasable","13":"product-type-simple"},"aioseo_notices":[],"tiered_pricing_type":"fixed","tiered_pricing_fixed_rules":{"2":"33.25","3":"31.50","5":"29.75","10":"28.00"},"tiered_pricing_percentage_rules":[],"tiered_pricing_minimum":1,"tiered_pricing_roles_data":[],"_links":{"self":[{"href":"https:\/\/erovito.net\/en\/wp-json\/wp\/v2\/product\/16936","targetHints":{"allow":["GET"]}}],"collection":[{"href":"https:\/\/erovito.net\/en\/wp-json\/wp\/v2\/product"}],"about":[{"href":"https:\/\/erovito.net\/en\/wp-json\/wp\/v2\/types\/product"}],"replies":[{"embeddable":true,"href":"https:\/\/erovito.net\/en\/wp-json\/wp\/v2\/comments?post=16936"}],"version-history":[{"count":2,"href":"https:\/\/erovito.net\/en\/wp-json\/wp\/v2\/product\/16936\/revisions"}],"predecessor-version":[{"id":17753,"href":"https:\/\/erovito.net\/en\/wp-json\/wp\/v2\/product\/16936\/revisions\/17753"}],"wp:featuredmedia":[{"embeddable":true,"href":"https:\/\/erovito.net\/en\/wp-json\/wp\/v2\/media\/16937"}],"wp:attachment":[{"href":"https:\/\/erovito.net\/en\/wp-json\/wp\/v2\/media?parent=16936"}],"wp:term":[{"taxonomy":"product_brand","embeddable":true,"href":"https:\/\/erovito.net\/en\/wp-json\/wp\/v2\/product_brand?post=16936"},{"taxonomy":"product_cat","embeddable":true,"href":"https:\/\/erovito.net\/en\/wp-json\/wp\/v2\/product_cat?post=16936"},{"taxonomy":"product_tag","embeddable":true,"href":"https:\/\/erovito.net\/en\/wp-json\/wp\/v2\/product_tag?post=16936"}],"curies":[{"name":"wp","href":"https:\/\/api.w.org\/{rel}","templated":true}]}}